{"id":2984,"date":"2021-08-31T22:47:06","date_gmt":"2021-08-31T22:47:06","guid":{"rendered":"https:\/\/diccionariomlc.com\/?page_id=2984"},"modified":"2022-05-23T15:32:35","modified_gmt":"2022-05-23T15:32:35","slug":"informacion-de-uso","status":"publish","type":"page","link":"https:\/\/diccionariomlc.com\/index.php\/informacion-de-uso\/","title":{"rendered":"INFORMACI\u00d3N DE USO"},"content":{"rendered":"\n<div class=\"wp-block-cover\" style=\"min-height:300px;aspect-ratio:unset;\"><span aria-hidden=\"true\" class=\"has-background-dim-60 wp-block-cover__gradient-background has-background-dim\" style=\"background-color:#040825\"><\/span><img loading=\"lazy\" decoding=\"async\" width=\"1200\" height=\"500\" class=\"wp-block-cover__image-background wp-image-2988\" alt=\"\" src=\"https:\/\/diccionariomlc.com\/wp-content\/uploads\/2021\/08\/Banner-Uso.jpg\" data-object-fit=\"cover\" srcset=\"https:\/\/diccionariomlc.com\/wp-content\/uploads\/2021\/08\/Banner-Uso.jpg 1200w, https:\/\/diccionariomlc.com\/wp-content\/uploads\/2021\/08\/Banner-Uso-300x125.jpg 300w, https:\/\/diccionariomlc.com\/wp-content\/uploads\/2021\/08\/Banner-Uso-1024x427.jpg 1024w, https:\/\/diccionariomlc.com\/wp-content\/uploads\/2021\/08\/Banner-Uso-768x320.jpg 768w\" sizes=\"auto, (max-width: 1200px) 100vw, 1200px\" \/><div class=\"wp-block-cover__inner-container is-layout-flow wp-block-cover-is-layout-flow\">\n<p class=\"has-text-align-center has-large-font-size\">Preguntas Frecuentes del Diccionario<\/p>\n<\/div><\/div>\n\n\n\n<div class=\"wp-block-columns has-nv-light-bg-background-color has-background is-layout-flex wp-container-core-columns-is-layout-9d6595d7 wp-block-columns-is-layout-flex\">\n<div class=\"wp-block-column is-layout-flow wp-block-column-is-layout-flow\" style=\"flex-basis:100px\"><\/div>\n\n\n\n<div class=\"wp-block-column is-layout-flow wp-block-column-is-layout-flow\">\n<div style=\"height:50px\" aria-hidden=\"true\" class=\"wp-block-spacer\"><\/div>\n\n\n\n<p class=\"has-neve-link-color-color has-text-color\"><strong>DICCIONARIO DE LENGUAS COLOMBIANAS<\/strong><\/p>\n\n\n\n<p class=\"has-neve-link-color-color has-text-color\">El proyecto que UNICISO desea realizar, es un diccionario multiling\u00fce de lenguas ind\u00edgenas colombianas, con el <strong>fin de recuperar, preservar y conservar el patrimonio ling\u00fc\u00edstico de nuestro pa\u00eds<\/strong>, por medio de la investigaci\u00f3n y desarrollo de herramientas digitales, esto con el fin de mitigar la extinci\u00f3n de las lenguas que de a poco se han ido perdiendo y que son parte importante de nuestro pa\u00eds y el cual caracteriza a Colombia como una Naci\u00f3n multicultural y \u00e9tnica.<\/p>\n\n\n\n<p class=\"has-neve-link-color-color has-text-color\">Se construir\u00e1 de la siguiente manera: <strong>Lengua ind\u00edgena y sus respectivas tablas de traducci\u00f3n al espa\u00f1ol, ingl\u00e9s, alem\u00e1n y franc\u00e9s y a su macrolengua ind\u00edgena en cada palabra<\/strong>. Actualmente, con la familia Chibcha y Arawak, con el fin de brindar el mayor alcance posible a la lengua y darla a conocer a personas que no son hispanohablante, a difundir el conocimiento de nuestras lenguas en nuestra poblaci\u00f3n y territorio y que nuestras comunidades ind\u00edgenas puedan acceder a conocimientos ling\u00fc\u00edsticos de lenguas extranjeras y nacionales.<\/p>\n\n\n\n<p class=\"has-neve-link-color-color has-text-color\">El diccionario en su primera fase realiz\u00f3 el dise\u00f1o para establecerlo en la plataforma de UNICISO y segundo, desarroll\u00f3 el ingreso de contenido a partir de una lengua ind\u00edgena. En este caso, <strong>lengua Ette Taara de los Chimila, Wayuunaiki de los Wayuu y el Tunebo de los U\u00b4wa.<\/strong><\/p>\n\n\n\n<p class=\"has-neve-link-color-color has-text-color\">La segunda fase relacionada con el contenido la hemos trabajado por <strong>medio de investigaciones realizadas por investigadores del \u00e1rea de ciencias sociales o afines que sus documentos est\u00e9n digitalizados <\/strong>y se puedan localizar en repositorios digitales. Por lo tanto, no requerimos el permiso o autorizaci\u00f3n de los grupos \u00e9tnicos debido a que primero se trabajar\u00e1 con las interpretaciones de las investigaciones. Por el momento, por tema de recursos y tiempo se trabajar\u00e1 indirectamente con las poblaciones. Queremos recopilar la mayor cantidad informaci\u00f3n de palabras interpretadas por autores e investigadores que han ido a campo y han trabajado con dichas comunidades. Igualmente, el objetivo a mediano plazo es que las poblaciones \u00e9tnicas empiecen a involucrarse y complementar el diccionario con sus respectivas interpretaciones para fortalecer el diccionario y la plataforma.<\/p>\n\n\n\n<p class=\"has-neve-link-color-color has-text-color\">La l\u00ednea estrat\u00e9gica que pretendemos abarcar con el diccionario es la <strong>difusi\u00f3n y fomento de la ling\u00fc\u00edstica colombiana a partir de la creaci\u00f3n y circulaci\u00f3n de contenido integrado entre palabras, interpretaciones, tablas, im\u00e1genes, sonidos<\/strong>, con ello podremos difundir conocimientos locales de nuestras comunidades y conservar los trabajos investigativos sobre dichas comunidades.<\/p>\n\n\n\n<p class=\"has-neve-link-color-color has-text-color\">El principal prop\u00f3sito de este proyecto es crecer como empresa y tener presencia en todo el pa\u00eds, siendo la primera base de datos 100% colombiana enfocada en ciencias sociales en la que cualquier persona sin importar en el entorno en que se encuentre tenga acceso a informaci\u00f3n de calidad y tener conocimiento de la actualidad colombiana en cuanto a convocatorias, cursos, actualizaciones de la plataforma y actualidad en general.<\/p>\n\n\n\n<p class=\"has-neve-link-color-color has-text-color\">El objetivo a largo plazo es que <strong>el diccionario pueda abarcar las distintas lenguas habladas en nuestro territorio<\/strong>. No s\u00f3lo las ind\u00edgenas, si no poder involucrar las ROM, las afrocolombianas, las campesinas y regionalismos, entre otras que puedan fortalecer el diccionario y mejorarlo.<\/p>\n\n\n\n<div style=\"height:100px\" aria-hidden=\"true\" class=\"wp-block-spacer\"><\/div>\n\n\n\n<p class=\"has-text-align-center has-custom-weight\" style=\"font-weight:bold;font-size:25px\">V\u00cdDEO &#8211; PREGUNTAS FRECUENTES<\/p>\n\n\n\n<figure class=\"wp-block-video\"><video height=\"1080\" style=\"aspect-ratio: 1920 \/ 1080;\" width=\"1920\" controls src=\"https:\/\/diccionariomlc.com\/wp-content\/uploads\/2021\/08\/Preguntas-y-aclaraciones-del-Diccionario-UNICISO.mp4\"><\/video><\/figure>\n\n\n\n<p class=\"has-text-align-center has-custom-weight\" style=\"font-weight:bold;font-size:25px\">AUDIO<\/p>\n\n\n\n<figure class=\"wp-block-audio\"><audio controls src=\"https:\/\/diccionariomlc.com\/wp-content\/uploads\/2021\/08\/DICCIONARIO.mp3\"><\/audio><\/figure>\n\n\n\n<div class=\"wp-block-buttons is-horizontal is-content-justification-center is-layout-flex wp-container-core-buttons-is-layout-499968f5 wp-block-buttons-is-layout-flex\">\n<div class=\"wp-block-button\"><a class=\"wp-block-button__link has-neve-link-hover-color-color has-neve-link-color-background-color has-text-color has-background\">PREGUNTAS FRECUENTES EN PDF<\/a><\/div>\n<\/div>\n\n\n\n<div style=\"height:20px\" aria-hidden=\"true\" class=\"wp-block-spacer\"><\/div>\n\n\n\n<div style=\"height:100px\" aria-hidden=\"true\" class=\"wp-block-spacer\"><\/div>\n\n\n\n<p class=\"has-neve-link-color-color has-text-color\"><strong>CONTENIDO EN CADA PALABRA DEL DICCIONARIO<\/strong><\/p>\n\n\n\n<p class=\"has-neve-link-color-color has-text-color\">Cada palabra del diccionario estar\u00e1, s\u00ed es posible, con:<\/p>\n\n\n\n<ul class=\"has-neve-link-color-color has-text-color wp-block-list\"><li><strong>Imagen: <\/strong>la imagen o fotograf\u00eda m\u00e1s cercana al concepto o palabra.<\/li><li><strong>Audio<\/strong>: cada palabra tendr\u00e1 su respectivo audio.<\/li><li><strong>Conceptos o palabras: <\/strong>realizadas por la interpretaci\u00f3n de los autores y su respectivo significado.<\/li><li><strong>Cita: <\/strong>cada palabra extra\u00edda de los repositorios digitales y sus respectivos documentos ser\u00e1 citada: <strong>(Autor, A\u00f1o. P\u00e1gina).<\/strong><\/li><li><strong>Frases<\/strong>: s\u00ed es posible se agregar\u00e1 frases para visualizar su uso y funcionalidad ling\u00fc\u00edstica.<\/li><li><strong>Explicaci\u00f3n<\/strong>: s\u00ed es posible y necesario, se anexar\u00e1 explicaci\u00f3n de categor\u00edas ling\u00fc\u00edsticas dentro de cada palabra. Por ejemplo: sin\u00f3nimos, ant\u00f3nimos, sufijos, prefijos.<\/li><li><strong>Tablas: <\/strong>incluye dos tablas. La primera de ingl\u00e9s, alem\u00e1n y franc\u00e9s. Y otra tabla de comparaci\u00f3n en relaci\u00f3n a su familia ling\u00fc\u00edstica.<\/li><li><strong>Fuente: <\/strong>cada palabra extra\u00edda de los repositorios digitales y sus respectivos documentos ser\u00e1 referencia.<\/li><\/ul>\n\n\n\n<div style=\"height:100px\" aria-hidden=\"true\" class=\"wp-block-spacer\"><\/div>\n\n\n\n<p class=\"has-text-align-left has-neve-link-color-color has-text-color\"><strong>GRABACIONES, GRUPOS FOCALES Y ENTREVISTAS<\/strong><\/p>\n\n\n\n<p class=\"has-neve-link-color-color has-text-color\">Las grabaciones fueron realizadas en el 2022 por medio de grupos focales y entrevistas. Se utiliz\u00f3 una grabadora digital y se edit\u00f3 con Audacity para mejorar su calidad. Las voces que se registran en las grabaciones de las palabras son de David Combariza y Sharol Robles Epieyu y en los podcasts se registran las voces de Kelly Johana L\u00f3pez Epieyu, Jhosel Kaleth Aguila, Kiari Aguilar, Narlis Peralta, Sharol Robles Epieyu y Laura Chirivi Vivas.<\/p>\n\n\n\n<p class=\"has-neve-link-color-color has-text-color\">Las grabaciones y los podcasts son descargables en formato mp3. Los podcasts se realizaron por medio de grupos focales y entrevistas enfocadas en el uso de la lengua, comunicaci\u00f3n, roles de g\u00e9nero, integraci\u00f3n cultural, tecnolog\u00eda, redes sociales, migraci\u00f3n, derechos humanos, territorio, etc. Con el fin de conocer, no solo la parte ling\u00fc\u00edstica y sus lenguas, si no su cultura y su forma de vivir.<\/p>\n\n\n\n<p class=\"has-neve-link-color-color has-text-color\">Se espera que las comunidades participen en la plataforma y nos ayuden a completar los audios faltantes y que puedan aportarnos sonidos de sus distintos dialectos de sus lenguas.<\/p>\n\n\n\n<div style=\"height:20px\" aria-hidden=\"true\" class=\"wp-block-spacer\"><\/div>\n\n\n\n<div style=\"height:100px\" aria-hidden=\"true\" class=\"wp-block-spacer\"><\/div>\n\n\n\n<p class=\"has-text-align-center has-custom-weight\" style=\"font-weight:bold;font-size:25px\">LEY 1381 DE 2010 &#8211; LEY DE LENGUAS EN COLOMBIA<\/p>\n\n\n\n<div data-wp-interactive=\"core\/file\" class=\"wp-block-file\"><object data-wp-bind--hidden=\"!state.hasPdfPreview\" hidden class=\"wp-block-file__embed\" data=\"https:\/\/diccionariomlc.com\/wp-content\/uploads\/2021\/09\/LE-1.pdf\" type=\"application\/pdf\" style=\"width:100%;height:600px\" aria-label=\"Incrustado de Incrustado de LE..\"><\/object><a id=\"wp-block-file--media-2e769380-02a2-4a9a-a21f-727bd8c8a1bf\" href=\"https:\/\/diccionariomlc.com\/wp-content\/uploads\/2021\/09\/LE-1.pdf\">LE<\/a><a href=\"https:\/\/diccionariomlc.com\/wp-content\/uploads\/2021\/09\/LE-1.pdf\" class=\"wp-block-file__button\" download aria-describedby=\"wp-block-file--media-2e769380-02a2-4a9a-a21f-727bd8c8a1bf\">Descargar<\/a><\/div>\n\n\n\n<div class=\"wp-block-columns has-background is-layout-flex wp-container-core-columns-is-layout-9d6595d7 wp-block-columns-is-layout-flex\" style=\"background-color:#f5f5f5\">\n<div class=\"wp-block-column is-layout-flow wp-block-column-is-layout-flow\" style=\"flex-basis:1%\"><\/div>\n\n\n\n<div class=\"wp-block-column is-layout-flow wp-block-column-is-layout-flow\">\n<div class=\"wp-block-buttons is-horizontal is-content-justification-center is-layout-flex wp-container-core-buttons-is-layout-499968f5 wp-block-buttons-is-layout-flex\"><\/div>\n\n\n\n<p class=\"has-text-align-center has-custom-weight\" style=\"font-weight:bold\">GU\u00cdAS DE APOYO PARA EL USO DEL DICCIONARIO<\/p>\n\n\n\n<div style=\"height:20px\" aria-hidden=\"true\" class=\"wp-block-spacer\"><\/div>\n\n\n\n<div class=\"wp-block-columns animated bounceInUp is-layout-flex wp-container-core-columns-is-layout-9d6595d7 wp-block-columns-is-layout-flex\">\n<div class=\"wp-block-column is-layout-flow wp-block-column-is-layout-flow\">\n<div class=\"wp-block-image\"><figure class=\"aligncenter size-full\"><a href=\"https:\/\/diccionariomlc.com\/GRAM.pdf\"><img loading=\"lazy\" decoding=\"async\" width=\"971\" height=\"549\" src=\"https:\/\/diccionariomlc.com\/wp-content\/uploads\/2021\/09\/categorias.png\" alt=\"\" class=\"wp-image-3182\" srcset=\"https:\/\/diccionariomlc.com\/wp-content\/uploads\/2021\/09\/categorias.png 971w, https:\/\/diccionariomlc.com\/wp-content\/uploads\/2021\/09\/categorias-300x170.png 300w, https:\/\/diccionariomlc.com\/wp-content\/uploads\/2021\/09\/categorias-768x434.png 768w\" sizes=\"auto, (max-width: 971px) 100vw, 971px\" \/><\/a><figcaption><strong>CATEGOR\u00cdAS GRAMATICALES<\/strong><\/figcaption><\/figure><\/div>\n\n\n\n<div class=\"wp-block-buttons is-horizontal is-content-justification-center is-layout-flex wp-container-core-buttons-is-layout-499968f5 wp-block-buttons-is-layout-flex\"><\/div>\n<\/div>\n\n\n\n<div class=\"wp-block-column is-layout-flow wp-block-column-is-layout-flow\">\n<div class=\"wp-block-image\"><figure class=\"aligncenter size-full\"><a href=\"https:\/\/diccionariomlc.com\/Familias.pdf\"><img loading=\"lazy\" decoding=\"async\" width=\"971\" height=\"550\" src=\"https:\/\/diccionariomlc.com\/wp-content\/uploads\/2021\/09\/Fmailias.png\" alt=\"\" class=\"wp-image-3183\" srcset=\"https:\/\/diccionariomlc.com\/wp-content\/uploads\/2021\/09\/Fmailias.png 971w, https:\/\/diccionariomlc.com\/wp-content\/uploads\/2021\/09\/Fmailias-300x170.png 300w, https:\/\/diccionariomlc.com\/wp-content\/uploads\/2021\/09\/Fmailias-768x435.png 768w\" sizes=\"auto, (max-width: 971px) 100vw, 971px\" \/><\/a><figcaption><strong>FAMILIAS LING\u00dc\u00cdSTICAS EN COLOMBIA<\/strong><\/figcaption><\/figure><\/div>\n\n\n\n<div class=\"wp-block-buttons is-horizontal is-content-justification-center is-layout-flex wp-container-core-buttons-is-layout-499968f5 wp-block-buttons-is-layout-flex\"><\/div>\n<\/div>\n\n\n\n<div class=\"wp-block-column is-layout-flow wp-block-column-is-layout-flow\">\n<div class=\"wp-block-image\"><figure class=\"aligncenter size-full\"><a href=\"https:\/\/diccionariomlc.com\/FON.pdf\"><img loading=\"lazy\" decoding=\"async\" width=\"974\" height=\"549\" src=\"https:\/\/diccionariomlc.com\/wp-content\/uploads\/2021\/09\/FONEMAS.png\" alt=\"\" class=\"wp-image-3184\" srcset=\"https:\/\/diccionariomlc.com\/wp-content\/uploads\/2021\/09\/FONEMAS.png 974w, https:\/\/diccionariomlc.com\/wp-content\/uploads\/2021\/09\/FONEMAS-300x169.png 300w, https:\/\/diccionariomlc.com\/wp-content\/uploads\/2021\/09\/FONEMAS-768x433.png 768w\" sizes=\"auto, (max-width: 974px) 100vw, 974px\" \/><\/a><figcaption><strong>AN\u00c1LISIS FONOL\u00d3GICO Y FON\u00c9TICO<\/strong><\/figcaption><\/figure><\/div>\n\n\n\n<div class=\"wp-block-buttons is-horizontal is-content-justification-center is-layout-flex wp-container-core-buttons-is-layout-499968f5 wp-block-buttons-is-layout-flex\"><\/div>\n<\/div>\n\n\n\n<div class=\"wp-block-column is-layout-flow wp-block-column-is-layout-flow\">\n<div class=\"wp-block-image\"><figure class=\"aligncenter size-full\"><a href=\"https:\/\/diccionariomlc.com\/ALI.pdf\"><img loading=\"lazy\" decoding=\"async\" width=\"974\" height=\"549\" src=\"https:\/\/diccionariomlc.com\/wp-content\/uploads\/2021\/09\/LINGUISTI.png\" alt=\"\" class=\"wp-image-3185\" srcset=\"https:\/\/diccionariomlc.com\/wp-content\/uploads\/2021\/09\/LINGUISTI.png 974w, https:\/\/diccionariomlc.com\/wp-content\/uploads\/2021\/09\/LINGUISTI-300x169.png 300w, https:\/\/diccionariomlc.com\/wp-content\/uploads\/2021\/09\/LINGUISTI-768x433.png 768w\" sizes=\"auto, (max-width: 974px) 100vw, 974px\" \/><\/a><figcaption><strong>AN\u00c1LISIS LING\u00dc\u00cdSTICO<\/strong><\/figcaption><\/figure><\/div>\n\n\n\n<div class=\"wp-block-buttons is-horizontal is-content-justification-center is-layout-flex wp-container-core-buttons-is-layout-499968f5 wp-block-buttons-is-layout-flex\"><\/div>\n<\/div>\n<\/div>\n\n\n\n<div class=\"wp-block-buttons is-horizontal is-content-justification-center is-layout-flex wp-container-core-buttons-is-layout-499968f5 wp-block-buttons-is-layout-flex\">\n<div class=\"wp-block-button\"><a class=\"wp-block-button__link has-black-background-color has-background\" href=\"https:\/\/www.portaluniciso.com\/\/infografias-y-guias\/\">ir a infograf\u00edas y gu\u00edas<\/a><\/div>\n<\/div>\n\n\n\n<hr class=\"wp-block-separator\"\/>\n\n\n\n<div class=\"wp-block-buttons is-horizontal is-content-justification-center is-layout-flex wp-container-core-buttons-is-layout-499968f5 wp-block-buttons-is-layout-flex\">\n<div class=\"wp-block-button\"><a class=\"wp-block-button__link has-black-background-color has-background\" href=\"https:\/\/diccionariomlc.com\/TERMINOS2022.pdf\">T\u00c9RMINOS Y CONDICIONES<\/a><\/div>\n<\/div>\n<\/div>\n\n\n\n<div class=\"wp-block-column is-layout-flow wp-block-column-is-layout-flow\" style=\"flex-basis:1%\"><\/div>\n<\/div>\n<\/div>\n\n\n\n<div class=\"wp-block-column is-layout-flow wp-block-column-is-layout-flow\" style=\"flex-basis:100px\"><\/div>\n<\/div>\n","protected":false},"excerpt":{"rendered":"<p>DICCIONARIO DE LENGUAS COLOMBIANAS El proyecto que UNICISO desea realizar, es un diccionario multiling\u00fce de lenguas ind\u00edgenas colombianas, con el fin de recuperar, preservar y conservar el patrimonio ling\u00fc\u00edstico de nuestro pa\u00eds, por medio de la investigaci\u00f3n y desarrollo de herramientas digitales, esto con el fin de mitigar la extinci\u00f3n de las lenguas que de&hellip;&nbsp;<a href=\"https:\/\/diccionariomlc.com\/index.php\/informacion-de-uso\/\" class=\"\" rel=\"bookmark\">Leer m\u00e1s &raquo;<span class=\"screen-reader-text\">INFORMACI\u00d3N DE USO<\/span><\/a><\/p>\n","protected":false},"author":1,"featured_media":0,"parent":0,"menu_order":0,"comment_status":"closed","ping_status":"closed","template":"","meta":{"_coblocks_attr":"","_coblocks_dimensions":"","_coblocks_responsive_height":"","_coblocks_accordion_ie_support":"","_uag_custom_page_level_css":"","neve_meta_sidebar":"full-width","neve_meta_container":"full-width","neve_meta_enable_content_width":"on","neve_meta_content_width":100,"neve_meta_title_alignment":"","neve_meta_author_avatar":"","neve_post_elements_order":"","neve_meta_disable_header":"","neve_meta_disable_footer":"","neve_meta_disable_title":"on","footnotes":""},"class_list":["post-2984","page","type-page","status-publish","hentry"],"uagb_featured_image_src":{"full":false,"thumbnail":false,"medium":false,"medium_large":false,"large":false,"1536x1536":false,"2048x2048":false,"neve-blog":false},"uagb_author_info":{"display_name":"Administrador","author_link":"https:\/\/diccionariomlc.com\/index.php\/author\/administrador\/"},"uagb_comment_info":0,"uagb_excerpt":"DICCIONARIO DE LENGUAS COLOMBIANAS El proyecto que UNICISO desea realizar, es un diccionario multiling\u00fce de lenguas ind\u00edgenas colombianas, con el fin de recuperar, preservar y conservar el patrimonio ling\u00fc\u00edstico de nuestro pa\u00eds, por medio de la investigaci\u00f3n y desarrollo de herramientas digitales, esto con el fin de mitigar la extinci\u00f3n de las lenguas que de&hellip;&nbsp;Leer&hellip;","_links":{"self":[{"href":"https:\/\/diccionariomlc.com\/index.php\/wp-json\/wp\/v2\/pages\/2984","targetHints":{"allow":["GET"]}}],"collection":[{"href":"https:\/\/diccionariomlc.com\/index.php\/wp-json\/wp\/v2\/pages"}],"about":[{"href":"https:\/\/diccionariomlc.com\/index.php\/wp-json\/wp\/v2\/types\/page"}],"author":[{"embeddable":true,"href":"https:\/\/diccionariomlc.com\/index.php\/wp-json\/wp\/v2\/users\/1"}],"replies":[{"embeddable":true,"href":"https:\/\/diccionariomlc.com\/index.php\/wp-json\/wp\/v2\/comments?post=2984"}],"version-history":[{"count":33,"href":"https:\/\/diccionariomlc.com\/index.php\/wp-json\/wp\/v2\/pages\/2984\/revisions"}],"predecessor-version":[{"id":18310,"href":"https:\/\/diccionariomlc.com\/index.php\/wp-json\/wp\/v2\/pages\/2984\/revisions\/18310"}],"wp:attachment":[{"href":"https:\/\/diccionariomlc.com\/index.php\/wp-json\/wp\/v2\/media?parent=2984"}],"curies":[{"name":"wp","href":"https:\/\/api.w.org\/{rel}","templated":true}]}}