{"id":35309,"date":"2023-02-23T21:02:27","date_gmt":"2023-02-23T21:02:27","guid":{"rendered":"https:\/\/diccionariomlc.com\/?page_id=35309"},"modified":"2023-03-24T17:30:51","modified_gmt":"2023-03-24T17:30:51","slug":"donaciones","status":"publish","type":"page","link":"https:\/\/diccionariomlc.com\/index.php\/donaciones\/","title":{"rendered":"DONACIONES"},"content":{"rendered":"\n<p><\/p>\n\n\n\n<div class=\"wp-block-cover is-light\"><span aria-hidden=\"true\" class=\"wp-block-cover__background has-background-dim\"><\/span><img loading=\"lazy\" decoding=\"async\" width=\"1170\" height=\"600\" class=\"wp-block-cover__image-background wp-image-35310\" alt=\"\" src=\"https:\/\/diccionariomlc.com\/wp-content\/uploads\/2023\/02\/Foto-Inicio.jpg\" data-object-fit=\"cover\" srcset=\"https:\/\/diccionariomlc.com\/wp-content\/uploads\/2023\/02\/Foto-Inicio.jpg 1170w, https:\/\/diccionariomlc.com\/wp-content\/uploads\/2023\/02\/Foto-Inicio-300x154.jpg 300w, https:\/\/diccionariomlc.com\/wp-content\/uploads\/2023\/02\/Foto-Inicio-1024x525.jpg 1024w, https:\/\/diccionariomlc.com\/wp-content\/uploads\/2023\/02\/Foto-Inicio-768x394.jpg 768w\" sizes=\"auto, (max-width: 1170px) 100vw, 1170px\" \/><div class=\"wp-block-cover__inner-container is-layout-flow wp-block-cover-is-layout-flow\">\n<p class=\"has-text-align-center has-nv-site-bg-color has-text-color has-x-large-font-size\">DONACIONES<\/p>\n\n\n\n<div class=\"wp-block-columns is-layout-flex wp-container-core-columns-is-layout-9d6595d7 wp-block-columns-is-layout-flex\">\n<div class=\"wp-block-column is-layout-flow wp-block-column-is-layout-flow\" style=\"flex-basis:150px\"><\/div>\n\n\n\n<div class=\"wp-block-column is-layout-flow wp-block-column-is-layout-flow\">\n<p class=\"has-text-align-center has-nv-site-bg-color has-text-color has-medium-font-size\">Todos podemos aportar por nuestros j\u00f3venes y la conservaci\u00f3n de nuestras lenguas ind\u00edgenas.<\/p>\n<\/div>\n\n\n\n<div class=\"wp-block-column is-layout-flow wp-block-column-is-layout-flow\" style=\"flex-basis:150px\"><\/div>\n<\/div>\n<\/div><\/div>\n\n\n\n<div style=\"height:52px\" aria-hidden=\"true\" class=\"wp-block-spacer\"><\/div>\n\n\n\n<div class=\"wp-block-columns is-layout-flex wp-container-core-columns-is-layout-9d6595d7 wp-block-columns-is-layout-flex\">\n<div class=\"wp-block-column is-layout-flow wp-block-column-is-layout-flow\" style=\"flex-basis:200px\"><\/div>\n\n\n\n<div class=\"wp-block-column is-layout-flow wp-block-column-is-layout-flow\">\n<p class=\"has-text-align-center\"><strong>DONAR<\/strong><\/p>\n\n\n\n<p>Con tu donaci\u00f3n al diccionario de lenguas, podr\u00e1s&nbsp;<strong>ayudarnos a seguir realizando nuestras investigaciones, a conservar nuestras lenguas<\/strong> y a proteger nuestros conocimientos.<\/p>\n\n\n\n<p>De igual forma, podr\u00e1s ayudarnos a que <strong>las comunidades participen en el diccionario y estudiantes en formaci\u00f3n profesional puedan trabajar con nosotros<\/strong> para poder completar el diccionario. <\/p>\n\n\n\n<p>As\u00ed mismo, podr\u00e1s aportarnos en <strong>la investigaci\u00f3n del diccionario en lenguas nuevas para incorporar, lenguas ya trabajadas en el diccionario, aportes acad\u00e9micos o investigativos para el diccionario o para la realizaci\u00f3n de podcast y material audiovisual.<\/strong><\/p>\n\n\n\n<div class=\"wp-block-columns animated bounceInUp is-layout-flex wp-container-core-columns-is-layout-9d6595d7 wp-block-columns-is-layout-flex\">\n<div class=\"wp-block-column is-layout-flow wp-block-column-is-layout-flow\"><div class=\"wp-block-image\">\n<figure class=\"aligncenter size-full\"><img loading=\"lazy\" decoding=\"async\" width=\"640\" height=\"427\" src=\"https:\/\/diccionariomlc.com\/wp-content\/uploads\/2023\/02\/pisit-heng-FQvadXmA524-unsplash.jpg\" alt=\"\" class=\"wp-image-35560\" srcset=\"https:\/\/diccionariomlc.com\/wp-content\/uploads\/2023\/02\/pisit-heng-FQvadXmA524-unsplash.jpg 640w, https:\/\/diccionariomlc.com\/wp-content\/uploads\/2023\/02\/pisit-heng-FQvadXmA524-unsplash-300x200.jpg 300w\" sizes=\"auto, (max-width: 640px) 100vw, 640px\" \/><figcaption class=\"wp-element-caption\"><strong>DONACI\u00d3N A INVESTIGACI\u00d3N SOBRE LENGUAS EN EL DICCIONARIO: WAYUU, CHIMILA O U\u00b4WA<\/strong><\/figcaption><\/figure>\n<\/div>\n\n\n<div class=\"wp-block-buttons is-horizontal is-content-justification-center is-layout-flex wp-container-core-buttons-is-layout-499968f5 wp-block-buttons-is-layout-flex\"><\/div>\n<\/div>\n\n\n\n<div class=\"wp-block-column is-layout-flow wp-block-column-is-layout-flow\"><div class=\"wp-block-image\">\n<figure class=\"aligncenter size-full\"><img loading=\"lazy\" decoding=\"async\" width=\"640\" height=\"463\" src=\"https:\/\/diccionariomlc.com\/wp-content\/uploads\/2023\/02\/azzedine-rouichi-F3BBLFml5Hw-unsplash.jpg\" alt=\"\" class=\"wp-image-35561\" srcset=\"https:\/\/diccionariomlc.com\/wp-content\/uploads\/2023\/02\/azzedine-rouichi-F3BBLFml5Hw-unsplash.jpg 640w, https:\/\/diccionariomlc.com\/wp-content\/uploads\/2023\/02\/azzedine-rouichi-F3BBLFml5Hw-unsplash-300x217.jpg 300w\" sizes=\"auto, (max-width: 640px) 100vw, 640px\" \/><figcaption class=\"wp-element-caption\"><strong>DONACI\u00d3N PARA LA NUEVA LENGUA QUE ESTAR\u00c1 EN EL DICCIONARIO: BAR\u00cd DE LOS MOTILONES<\/strong><\/figcaption><\/figure>\n<\/div>\n\n\n<div class=\"wp-block-buttons is-horizontal is-content-justification-center is-layout-flex wp-container-core-buttons-is-layout-499968f5 wp-block-buttons-is-layout-flex\"><\/div>\n<\/div>\n\n\n\n<div class=\"wp-block-column is-layout-flow wp-block-column-is-layout-flow\"><div class=\"wp-block-image\">\n<figure class=\"aligncenter size-full\"><img loading=\"lazy\" decoding=\"async\" width=\"640\" height=\"427\" src=\"https:\/\/diccionariomlc.com\/wp-content\/uploads\/2023\/02\/jonathan-velasquez-c1ZN57GfDB0-unsplash.jpg\" alt=\"\" class=\"wp-image-35562\" srcset=\"https:\/\/diccionariomlc.com\/wp-content\/uploads\/2023\/02\/jonathan-velasquez-c1ZN57GfDB0-unsplash.jpg 640w, https:\/\/diccionariomlc.com\/wp-content\/uploads\/2023\/02\/jonathan-velasquez-c1ZN57GfDB0-unsplash-300x200.jpg 300w\" sizes=\"auto, (max-width: 640px) 100vw, 640px\" \/><figcaption class=\"wp-element-caption\"><strong>DONACI\u00d3N PARA REALIZAR PODCAST Y RECOGER MATERIAL AUDIOVISUAL POR MEDIO DE ENTREVISTAS<\/strong><\/figcaption><\/figure>\n<\/div>\n\n\n<div class=\"wp-block-buttons is-horizontal is-content-justification-center is-layout-flex wp-container-core-buttons-is-layout-499968f5 wp-block-buttons-is-layout-flex\"><\/div>\n<\/div>\n\n\n\n<div class=\"wp-block-column is-layout-flow wp-block-column-is-layout-flow\"><div class=\"wp-block-image\">\n<figure class=\"aligncenter size-full\"><img loading=\"lazy\" decoding=\"async\" width=\"640\" height=\"480\" src=\"https:\/\/diccionariomlc.com\/wp-content\/uploads\/2023\/02\/michael-baron-YQSXw2YVqyU-unsplash.jpg\" alt=\"\" class=\"wp-image-35567\" srcset=\"https:\/\/diccionariomlc.com\/wp-content\/uploads\/2023\/02\/michael-baron-YQSXw2YVqyU-unsplash.jpg 640w, https:\/\/diccionariomlc.com\/wp-content\/uploads\/2023\/02\/michael-baron-YQSXw2YVqyU-unsplash-300x225.jpg 300w\" sizes=\"auto, (max-width: 640px) 100vw, 640px\" \/><figcaption class=\"wp-element-caption\"><strong>DONACI\u00d3N DE EQUIPOS O MATERIAL INVESTIGATIVO PARA EL DICCIONARIO<\/strong><\/figcaption><\/figure>\n<\/div>\n\n\n<div class=\"wp-block-buttons is-horizontal is-content-justification-center is-layout-flex wp-container-core-buttons-is-layout-499968f5 wp-block-buttons-is-layout-flex\"><\/div>\n<\/div>\n<\/div>\n\n\n\n<p><strong> <\/strong><\/p>\n\n\n\n<div class=\"wp-block-columns animated bounceInUp is-layout-flex wp-container-core-columns-is-layout-9d6595d7 wp-block-columns-is-layout-flex\">\n<div class=\"wp-block-column is-layout-flow wp-block-column-is-layout-flow\">\n<div class=\"wp-block-buttons is-horizontal is-content-justification-center is-layout-flex wp-container-core-buttons-is-layout-499968f5 wp-block-buttons-is-layout-flex\"><\/div>\n<\/div>\n\n\n\n<div class=\"wp-block-column is-layout-flow wp-block-column-is-layout-flow\"><div class=\"wp-block-image\">\n<figure class=\"aligncenter size-large\"><img loading=\"lazy\" decoding=\"async\" width=\"1024\" height=\"576\" src=\"https:\/\/diccionariomlc.com\/wp-content\/uploads\/2023\/03\/bancolombia_y_nequi_logos-1024x576.jpg\" alt=\"\" class=\"wp-image-36412\" srcset=\"https:\/\/diccionariomlc.com\/wp-content\/uploads\/2023\/03\/bancolombia_y_nequi_logos-1024x576.jpg 1024w, https:\/\/diccionariomlc.com\/wp-content\/uploads\/2023\/03\/bancolombia_y_nequi_logos-300x169.jpg 300w, https:\/\/diccionariomlc.com\/wp-content\/uploads\/2023\/03\/bancolombia_y_nequi_logos-768x432.jpg 768w, https:\/\/diccionariomlc.com\/wp-content\/uploads\/2023\/03\/bancolombia_y_nequi_logos-1536x864.jpg 1536w, https:\/\/diccionariomlc.com\/wp-content\/uploads\/2023\/03\/bancolombia_y_nequi_logos.jpg 1920w\" sizes=\"auto, (max-width: 1024px) 100vw, 1024px\" \/><figcaption class=\"wp-element-caption\"><strong>Podr\u00e1s donar por Nequi al siguiente n\u00famero 3006663587<\/strong>. <strong>Enviar el comprobante al celular o al correo: comercial@uniciso.com<\/strong><\/figcaption><\/figure>\n<\/div>\n\n\n<div class=\"wp-block-buttons is-horizontal is-content-justification-center is-layout-flex wp-container-core-buttons-is-layout-499968f5 wp-block-buttons-is-layout-flex\"><\/div>\n<\/div>\n\n\n\n<div class=\"wp-block-column is-layout-flow wp-block-column-is-layout-flow\"><div class=\"wp-block-image\">\n<figure class=\"aligncenter size-large\"><a href=\"https:\/\/portaluniciso.com\/info\/BANCOLOMBIA.pdf\"><img loading=\"lazy\" decoding=\"async\" width=\"1024\" height=\"614\" src=\"https:\/\/diccionariomlc.com\/wp-content\/uploads\/2023\/03\/bancolombia-logo-png-transparente-1024x614.png\" alt=\"\" class=\"wp-image-36415\" srcset=\"https:\/\/diccionariomlc.com\/wp-content\/uploads\/2023\/03\/bancolombia-logo-png-transparente-1024x614.png 1024w, https:\/\/diccionariomlc.com\/wp-content\/uploads\/2023\/03\/bancolombia-logo-png-transparente-300x180.png 300w, https:\/\/diccionariomlc.com\/wp-content\/uploads\/2023\/03\/bancolombia-logo-png-transparente-768x461.png 768w, https:\/\/diccionariomlc.com\/wp-content\/uploads\/2023\/03\/bancolombia-logo-png-transparente-1536x922.png 1536w, https:\/\/diccionariomlc.com\/wp-content\/uploads\/2023\/03\/bancolombia-logo-png-transparente.png 2000w\" sizes=\"auto, (max-width: 1024px) 100vw, 1024px\" \/><\/a><figcaption class=\"wp-element-caption\"><strong>Podr\u00e1s consignar por la cuenta de Bancolombia<\/strong>. <strong>Dale clic a la imagen para mirar los datos. <\/strong> <strong>Enviar el comprobante al correo: comercial@uniciso.com<\/strong><\/figcaption><\/figure>\n<\/div>\n\n\n<div class=\"wp-block-buttons is-horizontal is-content-justification-center is-layout-flex wp-container-core-buttons-is-layout-499968f5 wp-block-buttons-is-layout-flex\"><\/div>\n<\/div>\n\n\n\n<div class=\"wp-block-column is-layout-flow wp-block-column-is-layout-flow\">\n<div class=\"wp-block-buttons is-horizontal is-content-justification-center is-layout-flex wp-container-core-buttons-is-layout-499968f5 wp-block-buttons-is-layout-flex\"><\/div>\n<\/div>\n<\/div>\n<\/div>\n\n\n\n<div class=\"wp-block-column is-layout-flow wp-block-column-is-layout-flow\" style=\"flex-basis:200px\"><\/div>\n<\/div>\n\n\n\n<div class=\"wp-block-columns is-layout-flex wp-container-core-columns-is-layout-9d6595d7 wp-block-columns-is-layout-flex\">\n<div class=\"wp-block-column is-layout-flow wp-block-column-is-layout-flow\"><\/div>\n\n\n\n<div class=\"wp-block-column is-layout-flow wp-block-column-is-layout-flow\">\n<div class=\"wp-block-buttons is-layout-flex wp-block-buttons-is-layout-flex\">\n<div class=\"wp-block-button aligncenter is-style-primary\"><a class=\"wp-block-button__link wp-element-button\" href=\"https:\/\/secure.payco.co\/checkoutopen\/52896\">DONAR AHORA<\/a><\/div>\n<\/div>\n<\/div>\n\n\n\n<div class=\"wp-block-column is-layout-flow wp-block-column-is-layout-flow\"><\/div>\n<\/div>\n\n\n\n<div class=\"wp-block-columns has-nv-site-bg-background-color has-background is-layout-flex wp-container-core-columns-is-layout-9d6595d7 wp-block-columns-is-layout-flex\">\n<div class=\"wp-block-column is-layout-flow wp-block-column-is-layout-flow\"><\/div>\n<\/div>\n\n\n\n<div class=\"wp-block-cover alignfull\" style=\"min-height:377px;aspect-ratio:unset;\"><span aria-hidden=\"true\" class=\"has-nv-light-bg-background-color has-background-dim-100 wp-block-cover__gradient-background has-background-dim\"><\/span><div class=\"wp-block-cover__inner-container is-layout-flow wp-block-cover-is-layout-flow\">\n<p class=\"has-text-align-center has-neve-link-color-color has-text-color\">Con el apoyo de:<\/p>\n\n\n\n<div class=\"wp-block-group\"><div class=\"wp-block-group__inner-container is-layout-flow wp-block-group-is-layout-flow\">\n<div class=\"wp-block-image\"><figure class=\"aligncenter size-large is-resized\"><img loading=\"lazy\" decoding=\"async\" src=\"https:\/\/diccionariomlc.com\/wp-content\/uploads\/2021\/06\/Logos-apoyo-1024x221.jpg\" alt=\"Logos apoyo\" class=\"wp-image-60\" width=\"768\" height=\"166\" srcset=\"https:\/\/diccionariomlc.com\/wp-content\/uploads\/2021\/06\/Logos-apoyo-1024x221.jpg 1024w, https:\/\/diccionariomlc.com\/wp-content\/uploads\/2021\/06\/Logos-apoyo-300x65.jpg 300w, https:\/\/diccionariomlc.com\/wp-content\/uploads\/2021\/06\/Logos-apoyo-768x166.jpg 768w, https:\/\/diccionariomlc.com\/wp-content\/uploads\/2021\/06\/Logos-apoyo.jpg 1170w\" sizes=\"auto, (max-width: 768px) 100vw, 768px\" \/><\/figure><\/div>\n\n\n\n<div class=\"wp-block-image\"><figure class=\"aligncenter size-large is-resized\"><img loading=\"lazy\" decoding=\"async\" src=\"https:\/\/diccionariomlc.com\/wp-content\/uploads\/2022\/04\/9_logo_mincultura_gobierno-1-1024x205.png\" alt=\"\" class=\"wp-image-17124\" width=\"383\" height=\"74\"\/><\/figure><\/div>\n<\/div><\/div>\n\n\n\n<p><\/p>\n<\/div><\/div>\n","protected":false},"excerpt":{"rendered":"<p>DONAR Con tu donaci\u00f3n al diccionario de lenguas, podr\u00e1s&nbsp;ayudarnos a seguir realizando nuestras investigaciones, a conservar nuestras lenguas y a proteger nuestros conocimientos. De igual forma, podr\u00e1s ayudarnos a que las comunidades participen en el diccionario y estudiantes en formaci\u00f3n profesional puedan trabajar con nosotros para poder completar el diccionario. As\u00ed mismo, podr\u00e1s aportarnos en&hellip;&nbsp;<a href=\"https:\/\/diccionariomlc.com\/index.php\/donaciones\/\" class=\"\" rel=\"bookmark\">Leer m\u00e1s &raquo;<span class=\"screen-reader-text\">DONACIONES<\/span><\/a><\/p>\n","protected":false},"author":1,"featured_media":0,"parent":0,"menu_order":0,"comment_status":"closed","ping_status":"closed","template":"","meta":{"_coblocks_attr":"","_coblocks_dimensions":"","_coblocks_responsive_height":"","_coblocks_accordion_ie_support":"","_uag_custom_page_level_css":"","neve_meta_sidebar":"full-width","neve_meta_container":"full-width","neve_meta_enable_content_width":"on","neve_meta_content_width":100,"neve_meta_title_alignment":"","neve_meta_author_avatar":"","neve_post_elements_order":"","neve_meta_disable_header":"","neve_meta_disable_footer":"","neve_meta_disable_title":"on","footnotes":""},"class_list":["post-35309","page","type-page","status-publish","hentry"],"uagb_featured_image_src":{"full":false,"thumbnail":false,"medium":false,"medium_large":false,"large":false,"1536x1536":false,"2048x2048":false,"neve-blog":false},"uagb_author_info":{"display_name":"Administrador","author_link":"https:\/\/diccionariomlc.com\/index.php\/author\/administrador\/"},"uagb_comment_info":0,"uagb_excerpt":"DONAR Con tu donaci\u00f3n al diccionario de lenguas, podr\u00e1s&nbsp;ayudarnos a seguir realizando nuestras investigaciones, a conservar nuestras lenguas y a proteger nuestros conocimientos. De igual forma, podr\u00e1s ayudarnos a que las comunidades participen en el diccionario y estudiantes en formaci\u00f3n profesional puedan trabajar con nosotros para poder completar el diccionario. As\u00ed mismo, podr\u00e1s aportarnos en&hellip;&nbsp;Leer&hellip;","_links":{"self":[{"href":"https:\/\/diccionariomlc.com\/index.php\/wp-json\/wp\/v2\/pages\/35309","targetHints":{"allow":["GET"]}}],"collection":[{"href":"https:\/\/diccionariomlc.com\/index.php\/wp-json\/wp\/v2\/pages"}],"about":[{"href":"https:\/\/diccionariomlc.com\/index.php\/wp-json\/wp\/v2\/types\/page"}],"author":[{"embeddable":true,"href":"https:\/\/diccionariomlc.com\/index.php\/wp-json\/wp\/v2\/users\/1"}],"replies":[{"embeddable":true,"href":"https:\/\/diccionariomlc.com\/index.php\/wp-json\/wp\/v2\/comments?post=35309"}],"version-history":[{"count":34,"href":"https:\/\/diccionariomlc.com\/index.php\/wp-json\/wp\/v2\/pages\/35309\/revisions"}],"predecessor-version":[{"id":37788,"href":"https:\/\/diccionariomlc.com\/index.php\/wp-json\/wp\/v2\/pages\/35309\/revisions\/37788"}],"wp:attachment":[{"href":"https:\/\/diccionariomlc.com\/index.php\/wp-json\/wp\/v2\/media?parent=35309"}],"curies":[{"name":"wp","href":"https:\/\/api.w.org\/{rel}","templated":true}]}}