{"id":52867,"date":"2024-03-16T07:32:00","date_gmt":"2024-03-16T07:32:00","guid":{"rendered":"https:\/\/diccionariomlc.com\/?page_id=52867"},"modified":"2024-05-14T18:40:11","modified_gmt":"2024-05-14T18:40:11","slug":"historia-yuhup","status":"publish","type":"page","link":"https:\/\/diccionariomlc.com\/index.php\/historia-yuhup\/","title":{"rendered":"Historia Yuhup"},"content":{"rendered":"\n<div class=\"wp-block-cover\" style=\"min-height:300px;aspect-ratio:unset;\"><span aria-hidden=\"true\" class=\"wp-block-cover__background has-background-dim-30 has-background-dim\"><\/span><img loading=\"lazy\" decoding=\"async\" width=\"640\" height=\"360\" class=\"wp-block-cover__image-background wp-image-53202\" alt=\"\" src=\"https:\/\/diccionariomlc.com\/wp-content\/uploads\/2024\/03\/david-geere-oFxuQxE0Hm0-unsplash.jpg\" data-object-fit=\"cover\" srcset=\"https:\/\/diccionariomlc.com\/wp-content\/uploads\/2024\/03\/david-geere-oFxuQxE0Hm0-unsplash.jpg 640w, https:\/\/diccionariomlc.com\/wp-content\/uploads\/2024\/03\/david-geere-oFxuQxE0Hm0-unsplash-300x169.jpg 300w\" sizes=\"auto, (max-width: 640px) 100vw, 640px\" \/><div class=\"wp-block-cover__inner-container is-layout-flow wp-block-cover-is-layout-flow\">\n<p class=\"has-text-align-center has-large-font-size\">Comunidad Yuhup<\/p>\n<\/div><\/div>\n\n\n\n<div class=\"wp-block-columns has-nv-site-bg-background-color has-background is-layout-flex wp-container-core-columns-is-layout-9d6595d7 wp-block-columns-is-layout-flex\">\n<div class=\"wp-block-column is-layout-flow wp-block-column-is-layout-flow\">\n<div class=\"wp-block-group\"><div class=\"wp-block-group__inner-container is-layout-flow wp-block-group-is-layout-flow\">\n<div class=\"wp-block-columns is-layout-flex wp-container-core-columns-is-layout-9d6595d7 wp-block-columns-is-layout-flex\">\n<div class=\"wp-block-column is-layout-flow wp-block-column-is-layout-flow\" style=\"flex-basis:66.66%\">\n<h3 class=\"wp-block-heading\">ENTRE EL VICHADA Y LA GUAN\u00cdA<\/h3>\n<\/div>\n\n\n\n<div class=\"wp-block-column is-layout-flow wp-block-column-is-layout-flow\" style=\"flex-basis:33.33%\">\n<div class=\"wp-block-buttons is-content-justification-right is-layout-flex wp-container-core-buttons-is-layout-765c4724 wp-block-buttons-is-layout-flex\"><\/div>\n<\/div>\n<\/div>\n\n\n\n<figure class=\"wp-block-gallery has-nested-images columns-4 is-cropped wp-block-gallery-1 is-layout-flex wp-block-gallery-is-layout-flex\">\n<figure class=\"wp-block-image size-full\"><img loading=\"lazy\" decoding=\"async\" width=\"1024\" height=\"1024\" data-id=\"53205\" src=\"https:\/\/diccionariomlc.com\/wp-content\/uploads\/2024\/03\/fb636914-7ef2-4517-9478-7dbc65396f1a.jpg\" alt=\"\" class=\"wp-image-53205\" srcset=\"https:\/\/diccionariomlc.com\/wp-content\/uploads\/2024\/03\/fb636914-7ef2-4517-9478-7dbc65396f1a.jpg 1024w, https:\/\/diccionariomlc.com\/wp-content\/uploads\/2024\/03\/fb636914-7ef2-4517-9478-7dbc65396f1a-300x300.jpg 300w, https:\/\/diccionariomlc.com\/wp-content\/uploads\/2024\/03\/fb636914-7ef2-4517-9478-7dbc65396f1a-150x150.jpg 150w, https:\/\/diccionariomlc.com\/wp-content\/uploads\/2024\/03\/fb636914-7ef2-4517-9478-7dbc65396f1a-768x768.jpg 768w\" sizes=\"auto, (max-width: 1024px) 100vw, 1024px\" \/><\/figure>\n\n\n\n<figure class=\"wp-block-image size-full\"><img loading=\"lazy\" decoding=\"async\" width=\"1024\" height=\"1024\" data-id=\"53206\" src=\"https:\/\/diccionariomlc.com\/wp-content\/uploads\/2024\/03\/759ae80b-32e1-492e-b623-fef7e9908b4e.jpg\" alt=\"\" class=\"wp-image-53206\" srcset=\"https:\/\/diccionariomlc.com\/wp-content\/uploads\/2024\/03\/759ae80b-32e1-492e-b623-fef7e9908b4e.jpg 1024w, https:\/\/diccionariomlc.com\/wp-content\/uploads\/2024\/03\/759ae80b-32e1-492e-b623-fef7e9908b4e-300x300.jpg 300w, https:\/\/diccionariomlc.com\/wp-content\/uploads\/2024\/03\/759ae80b-32e1-492e-b623-fef7e9908b4e-150x150.jpg 150w, https:\/\/diccionariomlc.com\/wp-content\/uploads\/2024\/03\/759ae80b-32e1-492e-b623-fef7e9908b4e-768x768.jpg 768w\" sizes=\"auto, (max-width: 1024px) 100vw, 1024px\" \/><\/figure>\n\n\n\n<figure class=\"wp-block-image size-full\"><img loading=\"lazy\" decoding=\"async\" width=\"1024\" height=\"1024\" data-id=\"53207\" src=\"https:\/\/diccionariomlc.com\/wp-content\/uploads\/2024\/03\/e11c5364-ff49-4760-98ce-db390a2e68de.jpg\" alt=\"\" class=\"wp-image-53207\" srcset=\"https:\/\/diccionariomlc.com\/wp-content\/uploads\/2024\/03\/e11c5364-ff49-4760-98ce-db390a2e68de.jpg 1024w, https:\/\/diccionariomlc.com\/wp-content\/uploads\/2024\/03\/e11c5364-ff49-4760-98ce-db390a2e68de-300x300.jpg 300w, https:\/\/diccionariomlc.com\/wp-content\/uploads\/2024\/03\/e11c5364-ff49-4760-98ce-db390a2e68de-150x150.jpg 150w, https:\/\/diccionariomlc.com\/wp-content\/uploads\/2024\/03\/e11c5364-ff49-4760-98ce-db390a2e68de-768x768.jpg 768w\" sizes=\"auto, (max-width: 1024px) 100vw, 1024px\" \/><\/figure>\n\n\n\n<figure class=\"wp-block-image size-full\"><img loading=\"lazy\" decoding=\"async\" width=\"1024\" height=\"1024\" data-id=\"53208\" src=\"https:\/\/diccionariomlc.com\/wp-content\/uploads\/2024\/03\/02e319ce-8e4b-4a87-82ed-af7ab6a12b1d.jpg\" alt=\"\" class=\"wp-image-53208\" srcset=\"https:\/\/diccionariomlc.com\/wp-content\/uploads\/2024\/03\/02e319ce-8e4b-4a87-82ed-af7ab6a12b1d.jpg 1024w, https:\/\/diccionariomlc.com\/wp-content\/uploads\/2024\/03\/02e319ce-8e4b-4a87-82ed-af7ab6a12b1d-300x300.jpg 300w, https:\/\/diccionariomlc.com\/wp-content\/uploads\/2024\/03\/02e319ce-8e4b-4a87-82ed-af7ab6a12b1d-150x150.jpg 150w, https:\/\/diccionariomlc.com\/wp-content\/uploads\/2024\/03\/02e319ce-8e4b-4a87-82ed-af7ab6a12b1d-768x768.jpg 768w\" sizes=\"auto, (max-width: 1024px) 100vw, 1024px\" \/><\/figure>\n<\/figure>\n<\/div><\/div>\n\n\n\n<div style=\"height:100px\" aria-hidden=\"true\" class=\"wp-block-spacer\"><\/div>\n\n\n\n<p class=\"has-text-align-center has-neve-link-color-color has-text-color\"><strong>SISTEMA VOC\u00c1LICO YUHUP<\/strong><\/p>\n\n\n\n<figure class=\"wp-block-table is-style-stripes\"><table class=\"has-neve-link-color-color has-nv-c-1-background-color has-text-color has-background\"><thead><tr><th>Apertura <\/th><th><\/th><th>Anterior<\/th><th>Central<\/th><th>Posterior<\/th><\/tr><\/thead><tbody><tr><td><\/td><td>                         M\u00ednima<\/td><td>               i \u0129<\/td><td>      \u0268&nbsp;<s>\u0129<\/s><\/td><td>                      u \u0169<\/td><\/tr><tr><td><\/td><td>                          Media<\/td><td>                     E<\/td><td>       \u0259<\/td><td>                       O<\/td><\/tr><tr><td><\/td><td>                        M\u00e1xima<\/td><td>               \u00e6 \u00e6\u0303<\/td><td><\/td><td>                     \u0254 \u0254\u0303<\/td><\/tr><tr><td><\/td><td><\/td><td><\/td><td><\/td><td><\/td><\/tr><\/tbody><\/table><\/figure>\n\n\n\n<p class=\"has-text-align-center\">La lengua Yuhup presenta <strong>38 fonemas: 15 vocales y 23 consontantes. <\/strong> Nueve vocales orales y seis nasales. <\/p>\n\n\n\n<p class=\"has-text-align-center\">Silva, C\u00e1cio. Elis\u00e2ngela Silva. (2012).<\/p>\n\n\n\n<div style=\"height:100px\" aria-hidden=\"true\" class=\"wp-block-spacer\"><\/div>\n\n\n\n<p class=\"has-text-align-center has-neve-link-color-color has-text-color\"><strong>SISTEMA  CONSON\u00c1NTICO YUHUP<\/strong><\/p>\n\n\n\n<figure class=\"wp-block-table is-style-stripes\"><table class=\"has-nv-c-1-background-color has-background\"><thead><tr><th><\/th><th><\/th><th>Bilabial<\/th><th>Dental<\/th><th>Alveolar<\/th><th>Palatal<\/th><th>Velar<\/th><th>Gloatal<\/th><\/tr><\/thead><tbody><tr><td>Nasal<\/td><td><\/td><td>M<\/td><td>n<\/td><td><\/td><td>\u0272<\/td><td>\u014b<\/td><td>\u00b4<\/td><\/tr><tr><td>Oclusiva <\/td><td>Prenasal<\/td><td><\/td><td><\/td><td><\/td><td><\/td><td><\/td><td><\/td><\/tr><tr><td><\/td><td>Oral<\/td><td>P<\/td><td>T<\/td><td><\/td><td>\u03da<\/td><td>k<\/td><td><\/td><\/tr><tr><td>Africada<\/td><td><\/td><td><\/td><td><\/td><td><\/td><td>t<em>f<\/em><\/td><td><\/td><td><\/td><\/tr><tr><td>Fricativa<\/td><td><\/td><td><\/td><td><\/td><td><\/td><td>\u0186\u0301<\/td><td><\/td><td>h<\/td><\/tr><tr><td>Vibrante<\/td><td><\/td><td><\/td><td><\/td><td>R<\/td><td><\/td><td><\/td><td><\/td><\/tr><tr><td>Lateral<\/td><td><\/td><td><\/td><td><\/td><td>L<\/td><td><\/td><td><\/td><td><\/td><\/tr><tr><td>Coarticulada<\/td><td><\/td><td>W<\/td><td><\/td><td><\/td><td>J<\/td><td><\/td><td><\/td><\/tr><\/tbody><\/table><\/figure>\n\n\n\n<p class=\"has-text-align-center\">Los <strong>23 fonemas conson\u00e1nticos<\/strong> se distribuyen en cinco puntos de articulaci\u00f3n: bilabial, alveolar, palatino, velar y glotal. Adem\u00e1s cuenta con cinco modos de articulaci\u00f3n: explosiva, fricativa, nasal, vibraci\u00f3n.<\/p>\n\n\n\n<p class=\"has-text-align-center\"><strong>(Silva, 2012)<\/strong><\/p>\n\n\n\n<div style=\"height:100px\" aria-hidden=\"true\" class=\"wp-block-spacer\"><\/div>\n<\/div>\n<\/div>\n\n\n\n<div class=\"wp-block-columns has-nv-site-bg-background-color has-background is-layout-flex wp-container-core-columns-is-layout-9d6595d7 wp-block-columns-is-layout-flex\">\n<div class=\"wp-block-column is-layout-flow wp-block-column-is-layout-flow\" style=\"flex-basis:100px\"><\/div>\n\n\n\n<div class=\"wp-block-column is-layout-flow wp-block-column-is-layout-flow\">\n<p class=\"has-text-align-center\" style=\"font-size:21px\"><strong>ALFABETO CON CARACTERES ESPECIALES DEL YUHUP <\/strong><\/p>\n\n\n\n<div style=\"height:100px\" aria-hidden=\"true\" class=\"wp-block-spacer\"><\/div>\n\n\n\n<p><strong>VOCALES<\/strong><\/p>\n\n\n\n<p class=\"has-text-align-center\" style=\"font-size:46px\"><strong>\u00c3, \u00c4, \u1ebc, \u0190\u0300, \u00cb<\/strong>, <strong>\u018f\u030c, \u018f\u0300, \u012c, \u1e2e<\/strong>, \u0197<strong>\u00d6<\/strong>, \u00d4, <strong>\u016c,<\/strong> <\/p>\n\n\n\n<hr class=\"wp-block-separator has-css-opacity\"\/>\n\n\n\n<p><strong>CONSONANTES<\/strong><\/p>\n\n\n\n<p class=\"has-text-align-center\" style=\"font-size:45px\"><strong>\u0186\u0301<\/strong>,<strong>\u03da, \u0248 <\/strong><\/p>\n\n\n\n<div style=\"height:100px\" aria-hidden=\"true\" class=\"wp-block-spacer\"><\/div>\n\n\n\n<p class=\"has-text-align-center\" style=\"font-size:21px\"><strong>TERRITORIO YUHUP Y LENGUAS DEL AMAZONAS <\/strong><\/p>\n\n\n\n<div class=\"wp-block-columns has-nv-text-dark-bg-color has-nv-text-dark-bg-background-color has-text-color has-background is-layout-flex wp-container-core-columns-is-layout-9d6595d7 wp-block-columns-is-layout-flex\">\n<div class=\"wp-block-column is-layout-flow wp-block-column-is-layout-flow\" style=\"flex-basis:5%\"><\/div>\n\n\n\n<div class=\"wp-block-column is-layout-flow wp-block-column-is-layout-flow\" style=\"flex-basis:5%\"><\/div>\n\n\n\n<div class=\"wp-block-column is-layout-flow wp-block-column-is-layout-flow\" style=\"flex-basis:5%\"><\/div>\n\n\n\n<div class=\"wp-block-column is-layout-flow wp-block-column-is-layout-flow\" style=\"flex-basis:5%\"><\/div>\n\n\n\n<div class=\"wp-block-column is-layout-flow wp-block-column-is-layout-flow\">\n<iframe loading=\"lazy\" src=\"https:\/\/www.google.com\/maps\/d\/embed?mid=1_JJFn6pk2BbO79p3f72WiOW8Oo7AdHQ&#038;ehbc=2E312F&#038;noprof=1\" width=\"640\" height=\"480\"><\/iframe>\n<\/div>\n\n\n\n<div class=\"wp-block-column is-layout-flow wp-block-column-is-layout-flow\" style=\"flex-basis:5%\"><\/div>\n\n\n\n<div class=\"wp-block-column is-layout-flow wp-block-column-is-layout-flow\" style=\"flex-basis:5%\"><\/div>\n<\/div>\n\n\n\n<p><strong>FUENTE<\/strong>:<\/p>\n\n\n\n<p>Silva, C\u00e1cio; Elis\u00e2ngela Silva. (2012). A l\u00edngua dos yuhupdeh : introdu\u00e7\u00e3o etnolingu\u00edstica, dicion\u00e1rio yuhup-portugu\u00eas e gloss\u00e1rio sem\u00e2ntico-gramatical. S\u00e3o Gabriel da Cachoeira, AM: Pr\u00f3-Amaz\u00f4nia. <\/p>\n\n\n\n<p>Foto de <a href=\"https:\/\/unsplash.com\/es\/@davidgeere?utm_content=creditCopyText&amp;utm_medium=referral&amp;utm_source=unsplash\">David Geere<\/a> en <a href=\"https:\/\/unsplash.com\/es\/fotos\/hojas-verdes-en-la-fotografia-de-primer-plano-oFxuQxE0Hm0?utm_content=creditCopyText&amp;utm_medium=referral&amp;utm_source=unsplash\">Unsplash<\/a><\/p>\n<\/div>\n\n\n\n<div class=\"wp-block-column is-layout-flow wp-block-column-is-layout-flow\" style=\"flex-basis:100px\"><\/div>\n<\/div>\n\n\n\n<div class=\"wp-block-columns has-background is-layout-flex wp-container-core-columns-is-layout-9d6595d7 wp-block-columns-is-layout-flex\" style=\"background-color:#f5f5f5\">\n<div class=\"wp-block-column is-layout-flow wp-block-column-is-layout-flow\" style=\"flex-basis:1%\"><\/div>\n\n\n\n<div class=\"wp-block-column is-layout-flow wp-block-column-is-layout-flow\">\n<div class=\"wp-block-buttons is-horizontal is-content-justification-center is-layout-flex wp-container-core-buttons-is-layout-499968f5 wp-block-buttons-is-layout-flex\"><\/div>\n\n\n\n<p class=\"has-text-align-center has-custom-weight\" style=\"font-weight:bold\">GU\u00cdAS DE APOYO YUHUP<\/p>\n\n\n\n<div style=\"height:20px\" aria-hidden=\"true\" class=\"wp-block-spacer\"><\/div>\n\n\n\n<div class=\"wp-block-columns animated bounceInUp is-layout-flex wp-container-core-columns-is-layout-9d6595d7 wp-block-columns-is-layout-flex\">\n<div class=\"wp-block-column is-layout-flow wp-block-column-is-layout-flow\"><div class=\"wp-block-image\">\n<figure class=\"aligncenter size-full\"><img loading=\"lazy\" decoding=\"async\" width=\"1337\" height=\"745\" src=\"https:\/\/diccionariomlc.com\/wp-content\/uploads\/2024\/05\/Yuhup.jpg\" alt=\"\" class=\"wp-image-55817\" srcset=\"https:\/\/diccionariomlc.com\/wp-content\/uploads\/2024\/05\/Yuhup.jpg 1337w, https:\/\/diccionariomlc.com\/wp-content\/uploads\/2024\/05\/Yuhup-300x167.jpg 300w, https:\/\/diccionariomlc.com\/wp-content\/uploads\/2024\/05\/Yuhup-1024x571.jpg 1024w, https:\/\/diccionariomlc.com\/wp-content\/uploads\/2024\/05\/Yuhup-768x428.jpg 768w\" sizes=\"auto, (max-width: 1337px) 100vw, 1337px\" \/><figcaption class=\"wp-element-caption\"><strong>COMUNIDAD YUHUP<\/strong><\/figcaption><\/figure>\n<\/div>\n\n\n<div class=\"wp-block-buttons is-horizontal is-content-justification-center is-layout-flex wp-container-core-buttons-is-layout-499968f5 wp-block-buttons-is-layout-flex\"><\/div>\n<\/div>\n\n\n\n<div class=\"wp-block-column is-layout-flow wp-block-column-is-layout-flow\"><div class=\"wp-block-image\">\n<figure class=\"aligncenter size-full\"><img loading=\"lazy\" decoding=\"async\" width=\"1480\" height=\"716\" src=\"https:\/\/diccionariomlc.com\/wp-content\/uploads\/2024\/05\/Yuhup-lengua.jpg\" alt=\"\" class=\"wp-image-55818\" srcset=\"https:\/\/diccionariomlc.com\/wp-content\/uploads\/2024\/05\/Yuhup-lengua.jpg 1480w, https:\/\/diccionariomlc.com\/wp-content\/uploads\/2024\/05\/Yuhup-lengua-300x145.jpg 300w, https:\/\/diccionariomlc.com\/wp-content\/uploads\/2024\/05\/Yuhup-lengua-1024x495.jpg 1024w, https:\/\/diccionariomlc.com\/wp-content\/uploads\/2024\/05\/Yuhup-lengua-768x372.jpg 768w\" sizes=\"auto, (max-width: 1480px) 100vw, 1480px\" \/><figcaption class=\"wp-element-caption\"><strong>LENGUA YUHUP<\/strong><\/figcaption><\/figure>\n<\/div>\n\n\n<div class=\"wp-block-buttons is-horizontal is-content-justification-center is-layout-flex wp-container-core-buttons-is-layout-499968f5 wp-block-buttons-is-layout-flex\"><\/div>\n<\/div>\n\n\n\n<div class=\"wp-block-column is-layout-flow wp-block-column-is-layout-flow\">\n<figure class=\"wp-block-image size-full\"><img loading=\"lazy\" decoding=\"async\" width=\"952\" height=\"532\" src=\"https:\/\/diccionariomlc.com\/wp-content\/uploads\/2024\/05\/Bibliografia-YUhup.jpg\" alt=\"\" class=\"wp-image-55943\" srcset=\"https:\/\/diccionariomlc.com\/wp-content\/uploads\/2024\/05\/Bibliografia-YUhup.jpg 952w, https:\/\/diccionariomlc.com\/wp-content\/uploads\/2024\/05\/Bibliografia-YUhup-300x168.jpg 300w, https:\/\/diccionariomlc.com\/wp-content\/uploads\/2024\/05\/Bibliografia-YUhup-768x429.jpg 768w\" sizes=\"auto, (max-width: 952px) 100vw, 952px\" \/><\/figure>\n\n\n\n<p class=\"has-text-align-center\"><strong>BIBLIOGRAF\u00cdA YUHUP<\/strong><\/p>\n<\/div>\n<\/div>\n\n\n\n<div class=\"wp-block-buttons is-horizontal is-content-justification-center is-layout-flex wp-container-core-buttons-is-layout-499968f5 wp-block-buttons-is-layout-flex\">\n<div class=\"wp-block-button\"><a class=\"wp-block-button__link has-black-background-color has-background wp-element-button\" href=\"https:\/\/www.portaluniciso.com\/\/infografias-y-guias\/\">ir a infograf\u00edas y gu\u00edas<\/a><\/div>\n<\/div>\n<\/div>\n\n\n\n<div class=\"wp-block-column is-layout-flow wp-block-column-is-layout-flow\" style=\"flex-basis:1%\"><\/div>\n<\/div>\n","protected":false},"excerpt":{"rendered":"<p>ENTRE EL VICHADA Y LA GUAN\u00cdA SISTEMA VOC\u00c1LICO YUHUP Apertura Anterior Central Posterior M\u00ednima i \u0129 \u0268&nbsp;\u0129 u \u0169 Media E \u0259 O M\u00e1xima \u00e6 \u00e6\u0303 \u0254 \u0254\u0303 La lengua Yuhup presenta 38 fonemas: 15 vocales y 23 consontantes. Nueve vocales orales y seis nasales. Silva, C\u00e1cio. Elis\u00e2ngela Silva. (2012). SISTEMA CONSON\u00c1NTICO YUHUP Bilabial Dental&hellip;&nbsp;<a href=\"https:\/\/diccionariomlc.com\/index.php\/historia-yuhup\/\" class=\"\" rel=\"bookmark\">Leer m\u00e1s &raquo;<span class=\"screen-reader-text\">Historia Yuhup<\/span><\/a><\/p>\n","protected":false},"author":1,"featured_media":0,"parent":0,"menu_order":0,"comment_status":"closed","ping_status":"closed","template":"","meta":{"_coblocks_attr":"","_coblocks_dimensions":"","_coblocks_responsive_height":"","_coblocks_accordion_ie_support":"","_uag_custom_page_level_css":"","neve_meta_sidebar":"","neve_meta_container":"","neve_meta_enable_content_width":"","neve_meta_content_width":0,"neve_meta_title_alignment":"","neve_meta_author_avatar":"","neve_post_elements_order":"","neve_meta_disable_header":"","neve_meta_disable_footer":"","neve_meta_disable_title":"","footnotes":""},"class_list":["post-52867","page","type-page","status-publish","hentry"],"uagb_featured_image_src":{"full":false,"thumbnail":false,"medium":false,"medium_large":false,"large":false,"1536x1536":false,"2048x2048":false,"neve-blog":false},"uagb_author_info":{"display_name":"Administrador","author_link":"https:\/\/diccionariomlc.com\/index.php\/author\/administrador\/"},"uagb_comment_info":0,"uagb_excerpt":"ENTRE EL VICHADA Y LA GUAN\u00cdA SISTEMA VOC\u00c1LICO YUHUP Apertura Anterior Central Posterior M\u00ednima i \u0129 \u0268&nbsp;\u0129 u \u0169 Media E \u0259 O M\u00e1xima \u00e6 \u00e6\u0303 \u0254 \u0254\u0303 La lengua Yuhup presenta 38 fonemas: 15 vocales y 23 consontantes. Nueve vocales orales y seis nasales. Silva, C\u00e1cio. Elis\u00e2ngela Silva. (2012). SISTEMA CONSON\u00c1NTICO YUHUP Bilabial Dental&hellip;&nbsp;Leer&hellip;","_links":{"self":[{"href":"https:\/\/diccionariomlc.com\/index.php\/wp-json\/wp\/v2\/pages\/52867","targetHints":{"allow":["GET"]}}],"collection":[{"href":"https:\/\/diccionariomlc.com\/index.php\/wp-json\/wp\/v2\/pages"}],"about":[{"href":"https:\/\/diccionariomlc.com\/index.php\/wp-json\/wp\/v2\/types\/page"}],"author":[{"embeddable":true,"href":"https:\/\/diccionariomlc.com\/index.php\/wp-json\/wp\/v2\/users\/1"}],"replies":[{"embeddable":true,"href":"https:\/\/diccionariomlc.com\/index.php\/wp-json\/wp\/v2\/comments?post=52867"}],"version-history":[{"count":20,"href":"https:\/\/diccionariomlc.com\/index.php\/wp-json\/wp\/v2\/pages\/52867\/revisions"}],"predecessor-version":[{"id":55947,"href":"https:\/\/diccionariomlc.com\/index.php\/wp-json\/wp\/v2\/pages\/52867\/revisions\/55947"}],"wp:attachment":[{"href":"https:\/\/diccionariomlc.com\/index.php\/wp-json\/wp\/v2\/media?parent=52867"}],"curies":[{"name":"wp","href":"https:\/\/api.w.org\/{rel}","templated":true}]}}