{"id":5716,"date":"2021-11-11T15:30:37","date_gmt":"2021-11-11T15:30:37","guid":{"rendered":"https:\/\/diccionariomlc.com\/?page_id=5716"},"modified":"2023-01-20T17:22:44","modified_gmt":"2023-01-20T17:22:44","slug":"quienes-somos","status":"publish","type":"page","link":"https:\/\/diccionariomlc.com\/index.php\/quienes-somos\/","title":{"rendered":"QUI\u00c9NES SOMOS"},"content":{"rendered":"\n<div class=\"wp-block-cover is-light\" style=\"min-height:400px;aspect-ratio:unset;\"><span aria-hidden=\"true\" class=\"wp-block-cover__background has-background-dim-40 has-background-dim\"><\/span><img loading=\"lazy\" decoding=\"async\" width=\"1200\" height=\"500\" class=\"wp-block-cover__image-background wp-image-5717\" alt=\"\" src=\"https:\/\/diccionariomlc.com\/wp-content\/uploads\/2021\/11\/Jovenes-trabajando.jpg\" data-object-fit=\"cover\" srcset=\"https:\/\/diccionariomlc.com\/wp-content\/uploads\/2021\/11\/Jovenes-trabajando.jpg 1200w, https:\/\/diccionariomlc.com\/wp-content\/uploads\/2021\/11\/Jovenes-trabajando-300x125.jpg 300w, https:\/\/diccionariomlc.com\/wp-content\/uploads\/2021\/11\/Jovenes-trabajando-1024x427.jpg 1024w, https:\/\/diccionariomlc.com\/wp-content\/uploads\/2021\/11\/Jovenes-trabajando-768x320.jpg 768w\" sizes=\"auto, (max-width: 1200px) 100vw, 1200px\" \/><div class=\"wp-block-cover__inner-container is-layout-flow wp-block-cover-is-layout-flow\">\n<p class=\"has-text-align-center has-nv-site-bg-color has-text-color has-large-font-size\">\u00bfQui\u00e9nes Somos?<\/p>\n<\/div><\/div>\n\n\n\n<div class=\"wp-block-cover\" style=\"min-height:400px;aspect-ratio:unset;\"><span aria-hidden=\"true\" class=\"wp-block-cover__background has-nv-site-bg-background-color has-background-dim-100 has-background-dim\"><\/span><div class=\"wp-block-cover__inner-container is-layout-flow wp-block-cover-is-layout-flow\">\n<div class=\"wp-block-columns is-layout-flex wp-container-core-columns-is-layout-9d6595d7 wp-block-columns-is-layout-flex\">\n<div class=\"wp-block-column is-layout-flow wp-block-column-is-layout-flow\" style=\"flex-basis:100px\"><\/div>\n\n\n\n<div class=\"wp-block-column is-layout-flow wp-block-column-is-layout-flow\">\n<p class=\"has-neve-link-color-color has-text-color\"><strong>\u00bfQUI\u00c9N EST\u00c1 DETR\u00c1S DE UNICISO?&nbsp;<\/strong><\/p>\n\n\n\n<p class=\"justificar has-neve-link-color-color has-text-color\">Somos un grupo de j\u00f3venes egresados del \u00e1rea de ciencias sociales y de ingenier\u00eda entre los 20 y 30 a\u00f1os.<\/p>\n\n\n\n<p class=\"has-neve-link-color-color has-text-color\"><strong>\u00bfDE D\u00d3NDE SON?&nbsp;<\/strong><\/p>\n\n\n\n<p class=\"justificar has-neve-link-color-color has-text-color\">La mayor\u00eda somos de la ciudad de Bogot\u00e1, Colombia.<\/p>\n\n\n\n<hr class=\"wp-block-separator has-css-opacity\"\/>\n\n\n\n<p class=\"has-text-align-center has-neve-link-color-color has-text-color\"><strong>PARTICIPANTES<\/strong><\/p>\n\n\n\n<p class=\"has-neve-link-color-color has-text-color\"><strong>ENTIDADES<\/strong><\/p>\n\n\n\n<ul class=\"wp-block-list\">\n<li>COCREA<\/li>\n\n\n\n<li>DIVERSAS BASES SAS<\/li>\n\n\n\n<li>MINISTERIO DE CULTURA<\/li>\n\n\n\n<li>UNIVERSO CIENCIAS SOCIALES (UNICISO)<\/li>\n<\/ul>\n\n\n\n<hr class=\"wp-block-separator has-css-opacity\"\/>\n\n\n\n<p class=\"has-neve-link-color-color has-text-color\"><strong>COLABORACI\u00d3N WAYUU<\/strong><\/p>\n\n\n\n<ul class=\"wp-block-list\">\n<li>Kelly Johana L\u00f3pez Epieyu<\/li>\n\n\n\n<li>Jhosel Kaleth Aguila<\/li>\n\n\n\n<li>Kiari Aguilar<\/li>\n\n\n\n<li>Narlis Peralta<\/li>\n\n\n\n<li>Sharol Robles Epieyu<\/li>\n<\/ul>\n<\/div>\n\n\n\n<div class=\"wp-block-column is-layout-flow wp-block-column-is-layout-flow\">\n<p class=\"has-neve-link-color-color has-text-color\"><strong>&nbsp;\u00bfC\u00d3MO EMPEZ\u00d3 LA IDEA?&nbsp;<\/strong><\/p>\n\n\n\n<p class=\"justificar has-neve-link-color-color has-text-color\">La plataforma empez\u00f3 por la ausencia de informaci\u00f3n metodol\u00f3gica al ir o realizar campo . Por eso decidimos construir una plataforma de informaci\u00f3n din\u00e1mica, did\u00e1ctica e interactiva en el \u00e1mbito investigativo para estudiantes, profesionales, profesores y bibliotecarios .&nbsp;&nbsp;<\/p>\n\n\n\n<hr class=\"wp-block-separator has-css-opacity\"\/>\n\n\n\n<p class=\"has-text-align-center has-neve-link-color-color has-text-color\"><strong>CONTRIBUCI\u00d3N PROFESIONAL Y TECNOL\u00d3GICA<\/strong><\/p>\n\n\n\n<p class=\"has-neve-link-color-color has-text-color\"><strong>Coordinaci\u00f3n y elaboraci\u00f3n del diccionario: <\/strong>David Combariza Vel\u00e1squez&nbsp;<\/p>\n\n\n\n<p class=\"has-neve-link-color-color has-text-color\"><strong>Coordinaci\u00f3n y elaboraci\u00f3n del diccionario: <\/strong>Daniela Rada Rosenstand<\/p>\n\n\n\n<p class=\"has-neve-link-color-color has-text-color\"><strong>Elaboraci\u00f3n de la plataforma e infraestructura<\/strong>: Juan Pablo Buitrago, Sergio Vel\u00e1squez, Mar\u00eda Ricarda Forero y Lizeth Roncancio. <\/p>\n\n\n\n<p class=\"has-neve-link-color-color has-text-color\"><strong>Redes y publicidad:<\/strong> Nelson Polania Posada, Paola Ram\u00edrez y Ana Mar\u00eda Ortiz<\/p>\n\n\n\n<p class=\"has-neve-link-color-color has-text-color\"><strong>Podcast y recopilaci\u00f3n de informaci\u00f3n<\/strong>: Laura Daniela Chirivi Vivas y Lina Mar\u00eda Escobar.<\/p>\n<\/div>\n\n\n\n<div class=\"wp-block-column is-layout-flow wp-block-column-is-layout-flow\" style=\"flex-basis:100px\"><\/div>\n<\/div>\n\n\n\n<p><\/p>\n<\/div><\/div>\n\n\n\n<div class=\"wp-block-cover\" style=\"min-height:350px;aspect-ratio:unset;\"><span aria-hidden=\"true\" class=\"wp-block-cover__background has-nv-light-bg-background-color has-background-dim-100 has-background-dim\"><\/span><div class=\"wp-block-cover__inner-container is-layout-flow wp-block-cover-is-layout-flow\">\n<div class=\"wp-block-columns is-layout-flex wp-container-core-columns-is-layout-9d6595d7 wp-block-columns-is-layout-flex\">\n<div class=\"wp-block-column is-layout-flow wp-block-column-is-layout-flow\" style=\"flex-basis:300px\"><\/div>\n\n\n\n<div class=\"wp-block-column is-layout-flow wp-block-column-is-layout-flow\">\n<p class=\"has-text-align-center has-neve-link-color-color has-text-color\">Con el apoyo de:<\/p>\n\n\n<div class=\"wp-block-image\">\n<figure class=\"aligncenter size-large\"><img loading=\"lazy\" decoding=\"async\" width=\"1024\" height=\"221\" src=\"https:\/\/diccionariomlc.com\/wp-content\/uploads\/2021\/06\/Logos-apoyo-1024x221.jpg\" alt=\"Logos apoyo\" class=\"wp-image-60\" srcset=\"https:\/\/diccionariomlc.com\/wp-content\/uploads\/2021\/06\/Logos-apoyo-1024x221.jpg 1024w, https:\/\/diccionariomlc.com\/wp-content\/uploads\/2021\/06\/Logos-apoyo-300x65.jpg 300w, https:\/\/diccionariomlc.com\/wp-content\/uploads\/2021\/06\/Logos-apoyo-768x166.jpg 768w, https:\/\/diccionariomlc.com\/wp-content\/uploads\/2021\/06\/Logos-apoyo.jpg 1170w\" sizes=\"auto, (max-width: 1024px) 100vw, 1024px\" \/><\/figure>\n<\/div>\n\n<div class=\"wp-block-image\">\n<figure class=\"aligncenter size-large is-resized\"><img loading=\"lazy\" decoding=\"async\" src=\"https:\/\/diccionariomlc.com\/wp-content\/uploads\/2022\/04\/9_logo_mincultura_gobierno-1-1024x205.png\" alt=\"\" class=\"wp-image-17124\" width=\"468\" height=\"93\" srcset=\"https:\/\/diccionariomlc.com\/wp-content\/uploads\/2022\/04\/9_logo_mincultura_gobierno-1-1024x205.png 1024w, https:\/\/diccionariomlc.com\/wp-content\/uploads\/2022\/04\/9_logo_mincultura_gobierno-1-300x60.png 300w, https:\/\/diccionariomlc.com\/wp-content\/uploads\/2022\/04\/9_logo_mincultura_gobierno-1-768x154.png 768w, https:\/\/diccionariomlc.com\/wp-content\/uploads\/2022\/04\/9_logo_mincultura_gobierno-1.png 1501w\" sizes=\"auto, (max-width: 468px) 100vw, 468px\" \/><\/figure>\n<\/div><\/div>\n\n\n\n<div class=\"wp-block-column is-layout-flow wp-block-column-is-layout-flow\" style=\"flex-basis:300px\"><\/div>\n<\/div>\n<\/div><\/div>\n","protected":false},"excerpt":{"rendered":"","protected":false},"author":1,"featured_media":0,"parent":0,"menu_order":0,"comment_status":"closed","ping_status":"closed","template":"","meta":{"_coblocks_attr":"","_coblocks_dimensions":"","_coblocks_responsive_height":"","_coblocks_accordion_ie_support":"","_uag_custom_page_level_css":"","neve_meta_sidebar":"full-width","neve_meta_container":"full-width","neve_meta_enable_content_width":"on","neve_meta_content_width":100,"neve_meta_title_alignment":"","neve_meta_author_avatar":"","neve_post_elements_order":"","neve_meta_disable_header":"","neve_meta_disable_footer":"","neve_meta_disable_title":"on","footnotes":""},"class_list":["post-5716","page","type-page","status-publish","hentry"],"uagb_featured_image_src":{"full":false,"thumbnail":false,"medium":false,"medium_large":false,"large":false,"1536x1536":false,"2048x2048":false,"neve-blog":false},"uagb_author_info":{"display_name":"Administrador","author_link":"https:\/\/diccionariomlc.com\/index.php\/author\/administrador\/"},"uagb_comment_info":0,"uagb_excerpt":null,"_links":{"self":[{"href":"https:\/\/diccionariomlc.com\/index.php\/wp-json\/wp\/v2\/pages\/5716","targetHints":{"allow":["GET"]}}],"collection":[{"href":"https:\/\/diccionariomlc.com\/index.php\/wp-json\/wp\/v2\/pages"}],"about":[{"href":"https:\/\/diccionariomlc.com\/index.php\/wp-json\/wp\/v2\/types\/page"}],"author":[{"embeddable":true,"href":"https:\/\/diccionariomlc.com\/index.php\/wp-json\/wp\/v2\/users\/1"}],"replies":[{"embeddable":true,"href":"https:\/\/diccionariomlc.com\/index.php\/wp-json\/wp\/v2\/comments?post=5716"}],"version-history":[{"count":17,"href":"https:\/\/diccionariomlc.com\/index.php\/wp-json\/wp\/v2\/pages\/5716\/revisions"}],"predecessor-version":[{"id":33018,"href":"https:\/\/diccionariomlc.com\/index.php\/wp-json\/wp\/v2\/pages\/5716\/revisions\/33018"}],"wp:attachment":[{"href":"https:\/\/diccionariomlc.com\/index.php\/wp-json\/wp\/v2\/media?parent=5716"}],"curies":[{"name":"wp","href":"https:\/\/api.w.org\/{rel}","templated":true}]}}