{"id":6675,"date":"2021-12-01T19:13:55","date_gmt":"2021-12-01T19:13:55","guid":{"rendered":"https:\/\/diccionariomlc.com\/?page_id=6675"},"modified":"2023-02-21T17:45:47","modified_gmt":"2023-02-21T17:45:47","slug":"historia-chimila","status":"publish","type":"page","link":"https:\/\/diccionariomlc.com\/index.php\/historia-chimila\/","title":{"rendered":"Historia Chimila"},"content":{"rendered":"\n<div class=\"wp-block-cover\" style=\"min-height:300px;aspect-ratio:unset;\"><span aria-hidden=\"true\" class=\"wp-block-cover__background has-background-dim-30 has-background-dim\"><\/span><img loading=\"lazy\" decoding=\"async\" width=\"1200\" height=\"500\" class=\"wp-block-cover__image-background wp-image-77\" alt=\"\" src=\"https:\/\/diccionariomlc.com\/wp-content\/uploads\/2021\/06\/Banner-Inicio-2.jpg\" style=\"object-position:54% 74%\" data-object-fit=\"cover\" data-object-position=\"54% 74%\" srcset=\"https:\/\/diccionariomlc.com\/wp-content\/uploads\/2021\/06\/Banner-Inicio-2.jpg 1200w, https:\/\/diccionariomlc.com\/wp-content\/uploads\/2021\/06\/Banner-Inicio-2-300x125.jpg 300w, https:\/\/diccionariomlc.com\/wp-content\/uploads\/2021\/06\/Banner-Inicio-2-1024x427.jpg 1024w, https:\/\/diccionariomlc.com\/wp-content\/uploads\/2021\/06\/Banner-Inicio-2-768x320.jpg 768w\" sizes=\"auto, (max-width: 1200px) 100vw, 1200px\" \/><div class=\"wp-block-cover__inner-container is-layout-flow wp-block-cover-is-layout-flow\">\n<p class=\"has-text-align-center has-large-font-size\">Comunidad Chimila<\/p>\n<\/div><\/div>\n\n\n\n<div class=\"wp-block-columns has-nv-site-bg-background-color has-background is-layout-flex wp-container-core-columns-is-layout-9d6595d7 wp-block-columns-is-layout-flex\">\n<div class=\"wp-block-column is-layout-flow wp-block-column-is-layout-flow\" style=\"flex-basis:100px\"><\/div>\n\n\n\n<div class=\"wp-block-column is-layout-flow wp-block-column-is-layout-flow\">\n<div class=\"wp-block-group\"><div class=\"wp-block-group__inner-container is-layout-flow wp-block-group-is-layout-flow\">\n<div class=\"wp-block-columns is-layout-flex wp-container-core-columns-is-layout-9d6595d7 wp-block-columns-is-layout-flex\">\n<div class=\"wp-block-column is-layout-flow wp-block-column-is-layout-flow\" style=\"flex-basis:66.66%\">\n<h3 class=\"wp-block-heading\">R\u00cdO ARIGUAN\u00cd Y LA SIERRA NEVADA DE SANTA MARTA<\/h3>\n<\/div>\n\n\n\n<div class=\"wp-block-column is-layout-flow wp-block-column-is-layout-flow\" style=\"flex-basis:33.33%\">\n<div class=\"wp-block-buttons is-content-justification-right is-layout-flex wp-container-core-buttons-is-layout-765c4724 wp-block-buttons-is-layout-flex\"><\/div>\n<\/div>\n<\/div>\n\n\n\n<figure class=\"wp-block-gallery has-nested-images columns-4 is-cropped wp-block-gallery-1 is-layout-flex wp-block-gallery-is-layout-flex\">\n<figure class=\"wp-block-image size-full\"><img loading=\"lazy\" decoding=\"async\" width=\"1002\" height=\"979\" data-id=\"35072\" src=\"https:\/\/diccionariomlc.com\/wp-content\/uploads\/2023\/02\/CHIMILA-1.png\" alt=\"\" class=\"wp-image-35072\" srcset=\"https:\/\/diccionariomlc.com\/wp-content\/uploads\/2023\/02\/CHIMILA-1.png 1002w, https:\/\/diccionariomlc.com\/wp-content\/uploads\/2023\/02\/CHIMILA-1-300x293.png 300w, https:\/\/diccionariomlc.com\/wp-content\/uploads\/2023\/02\/CHIMILA-1-768x750.png 768w\" sizes=\"auto, (max-width: 1002px) 100vw, 1002px\" \/><\/figure>\n\n\n\n<figure class=\"wp-block-image size-full\"><img loading=\"lazy\" decoding=\"async\" width=\"1001\" height=\"975\" data-id=\"35073\" src=\"https:\/\/diccionariomlc.com\/wp-content\/uploads\/2023\/02\/CHIMILA-2.png\" alt=\"\" class=\"wp-image-35073\" srcset=\"https:\/\/diccionariomlc.com\/wp-content\/uploads\/2023\/02\/CHIMILA-2.png 1001w, https:\/\/diccionariomlc.com\/wp-content\/uploads\/2023\/02\/CHIMILA-2-300x292.png 300w, https:\/\/diccionariomlc.com\/wp-content\/uploads\/2023\/02\/CHIMILA-2-768x748.png 768w\" sizes=\"auto, (max-width: 1001px) 100vw, 1001px\" \/><\/figure>\n\n\n\n<figure class=\"wp-block-image size-full\"><img loading=\"lazy\" decoding=\"async\" width=\"999\" height=\"979\" data-id=\"35074\" src=\"https:\/\/diccionariomlc.com\/wp-content\/uploads\/2023\/02\/CHIMILA-3.png\" alt=\"\" class=\"wp-image-35074\" srcset=\"https:\/\/diccionariomlc.com\/wp-content\/uploads\/2023\/02\/CHIMILA-3.png 999w, https:\/\/diccionariomlc.com\/wp-content\/uploads\/2023\/02\/CHIMILA-3-300x294.png 300w, https:\/\/diccionariomlc.com\/wp-content\/uploads\/2023\/02\/CHIMILA-3-768x753.png 768w\" sizes=\"auto, (max-width: 999px) 100vw, 999px\" \/><\/figure>\n\n\n\n<figure class=\"wp-block-image size-full\"><img loading=\"lazy\" decoding=\"async\" width=\"1002\" height=\"975\" data-id=\"35075\" src=\"https:\/\/diccionariomlc.com\/wp-content\/uploads\/2023\/02\/CHIMILA-4.png\" alt=\"\" class=\"wp-image-35075\" srcset=\"https:\/\/diccionariomlc.com\/wp-content\/uploads\/2023\/02\/CHIMILA-4.png 1002w, https:\/\/diccionariomlc.com\/wp-content\/uploads\/2023\/02\/CHIMILA-4-300x292.png 300w, https:\/\/diccionariomlc.com\/wp-content\/uploads\/2023\/02\/CHIMILA-4-768x747.png 768w\" sizes=\"auto, (max-width: 1002px) 100vw, 1002px\" \/><\/figure>\n<\/figure>\n<\/div><\/div>\n\n\n\n<div style=\"height:100px\" aria-hidden=\"true\" class=\"wp-block-spacer\"><\/div>\n\n\n\n<p class=\"has-text-align-center has-neve-link-color-color has-text-color\"><strong>SISTEMA VOC\u00c1LICO ETTE<\/strong><\/p>\n\n\n\n<figure class=\"wp-block-table is-style-stripes\"><table class=\"has-neve-link-color-color has-neve-link-hover-color-background-color has-text-color has-background\"><thead><tr><th>Apertura <\/th><th><\/th><th>Anterior<\/th><th>Central<\/th><th>Posterior<\/th><\/tr><\/thead><tbody><tr><td><\/td><td>                         M\u00ednima<\/td><td>               i<\/td><td><\/td><td>                      u<\/td><\/tr><tr><td><\/td><td>                          Media<\/td><td>                     E<\/td><td><\/td><td>O<\/td><\/tr><tr><td><\/td><td>                        M\u00e1xima<\/td><td><\/td><td>                              a<\/td><td><\/td><\/tr><tr><td><\/td><td><\/td><td><\/td><td><\/td><td><\/td><\/tr><\/tbody><\/table><\/figure>\n\n\n\n<p class=\"has-text-align-center\">La lengua Ette presenta un sistema <strong>voc\u00e1lico triangular compuesta por cinco vocales de articulaci\u00f3n y grado de apertura<\/strong>. <\/p>\n\n\n\n<p class=\"has-text-align-center\"><strong>(Ni\u00f1o, Pg 56)<\/strong><\/p>\n\n\n\n<div style=\"height:100px\" aria-hidden=\"true\" class=\"wp-block-spacer\"><\/div>\n\n\n\n<p class=\"has-text-align-center has-neve-link-color-color has-text-color\"><strong>SISTEMA  CONSON\u00c1NTICO ETTE<\/strong><\/p>\n\n\n\n<figure class=\"wp-block-table is-style-stripes\"><table><thead><tr><th><\/th><th><\/th><th>Bilabial<\/th><th>Dental<\/th><th>Alveolar<\/th><th>Palatal<\/th><th>Velar<\/th><th>Gloatal<\/th><\/tr><\/thead><tbody><tr><td>Nasal<\/td><td><\/td><td>M<\/td><td>n<\/td><td><\/td><td>\u0272<\/td><td>\u014b<\/td><td>\u00b4<\/td><\/tr><tr><td>Oclusiva <\/td><td>Prenasal<\/td><td>\u00bf?<\/td><td>\u00bf?<\/td><td><\/td><td>\u00bf?<\/td><td>\u00bf?<\/td><td><\/td><\/tr><tr><td><\/td><td>Oral<\/td><td>P<\/td><td>T<\/td><td><\/td><td>\u0248<\/td><td>k<\/td><td><em>?<\/em><\/td><\/tr><tr><td>Africada<\/td><td><\/td><td><\/td><td><\/td><td><\/td><td>t<em>f<\/em><\/td><td><\/td><td><\/td><\/tr><tr><td>Fricativa<\/td><td><\/td><td><\/td><td><\/td><td>s<\/td><td><\/td><td><\/td><td>h<\/td><\/tr><tr><td>Vibrante<\/td><td><\/td><td><\/td><td><\/td><td>R<\/td><td><\/td><td><\/td><td><\/td><\/tr><tr><td>Lateral<\/td><td><\/td><td><\/td><td><\/td><td>L<\/td><td><\/td><td><\/td><td><\/td><\/tr><tr><td>Coarticulada<\/td><td><\/td><td>W<\/td><td><\/td><td><\/td><td><\/td><td><\/td><td><\/td><\/tr><\/tbody><\/table><\/figure>\n\n\n\n<p class=\"has-text-align-center\">El <strong>sistema conson\u00e1ntico Ette<\/strong> <strong>se compone<\/strong> de cuatro nasales, ocho oclusivas, una africada, dos fricativas, una vibrante, una lateral y una coarticulada, cuatro bilabiales, tres dentales, tres alveolares, tres palatales, tres velares y dos glotales<\/p>\n\n\n\n<p class=\"has-text-align-center\"><strong>(Ni\u00f1o, Pg 58)<\/strong><\/p>\n\n\n\n<div style=\"height:100px\" aria-hidden=\"true\" class=\"wp-block-spacer\"><\/div>\n\n\n\n<p class=\"has-text-align-center has-neve-link-color-color has-text-color\"><strong>ESCRITURA ETTE VOCALES<\/strong><\/p>\n\n\n\n<figure class=\"wp-block-table is-style-stripes\"><table class=\"has-neve-link-color-color has-nv-c-1-background-color has-text-color has-background\"><thead><tr><th><\/th><th>FONEMA<\/th><th>GRAFEMA<\/th><th><\/th><\/tr><\/thead><tbody><tr><td><\/td><td>           <\/td><td>                                                Min\u00fascula          <\/td><td>May\u00fascula<\/td><\/tr><tr><td>                    Vocales<\/td><td>         A  <\/td><td>                                                      a<\/td><td>A<\/td><\/tr><tr><td><\/td><td>         E<\/td><td>                                                      e<\/td><td>E<\/td><\/tr><tr><td> <\/td><td>         I<\/td><td>                                                       i<\/td><td>I<\/td><\/tr><tr><td><\/td><td>        O<\/td><td>                                                      o<\/td><td>O<\/td><\/tr><tr><td> <\/td><td>        U<\/td><td>                                                      u<\/td><td>U<\/td><\/tr><\/tbody><\/table><figcaption class=\"wp-element-caption\"><strong>(Ni\u00f1o, Pg 56)<\/strong><\/figcaption><\/figure>\n\n\n\n<div style=\"height:100px\" aria-hidden=\"true\" class=\"wp-block-spacer\"><\/div>\n\n\n\n<p class=\"has-text-align-center has-neve-link-color-color has-text-color\"><strong>ESCRITURA ETTE CONSONANTES<\/strong><\/p>\n\n\n\n<figure class=\"wp-block-table is-style-stripes\"><table><thead><tr><th><\/th><th><\/th><th><\/th><th><\/th><\/tr><\/thead><tbody><tr><td><\/td><td><strong>FONEMA<\/strong><\/td><td><strong>GRAFEMA<\/strong><\/td><td><\/td><\/tr><tr><td><\/td><td><\/td><td>Min\u00fascula<\/td><td>May\u00fascula<\/td><\/tr><tr><td><strong>CONSONANTES<\/strong><\/td><td>Mb<\/td><td>b<\/td><td>B<\/td><\/tr><tr><td><\/td><td>Nb<\/td><td>d<\/td><td>D<\/td><\/tr><tr><td><\/td><td>T<em>f<\/em><\/td><td>ch<\/td><td>CH<\/td><\/tr><tr><td><\/td><td>Ng<\/td><td>g<\/td><td>G<\/td><\/tr><tr><td><\/td><td>\u014b<\/td><td>\ua7a0<\/td><td> \ua7a0 <\/td><\/tr><tr><td><\/td><td>H<\/td><td>j<\/td><td>J<\/td><\/tr><tr><td><\/td><td>K<\/td><td>k<\/td><td>K<\/td><\/tr><tr><td><\/td><td>L<\/td><td>l<\/td><td>L<\/td><\/tr><tr><td><\/td><td>M<\/td><td>m<\/td><td>M<\/td><\/tr><tr><td><\/td><td>N<\/td><td>n<\/td><td>N<\/td><\/tr><tr><td><\/td><td>Nj<\/td><td>ny<\/td><td>NY<\/td><\/tr><tr><td><\/td><td>\u0272<\/td><td>\u00f1<\/td><td>\u00d1<\/td><\/tr><tr><td><\/td><td>P<\/td><td>p<\/td><td>P<\/td><\/tr><tr><td><\/td><td>R<\/td><td>r<\/td><td>R<\/td><\/tr><tr><td><\/td><td>S<\/td><td>s<\/td><td>S<\/td><\/tr><tr><td><\/td><td>T<\/td><td>t<\/td><td>T<\/td><\/tr><tr><td><\/td><td>W<\/td><td>w<\/td><td>W<\/td><\/tr><tr><td><\/td><td>\u0248<\/td><td>y<\/td><td>Y<\/td><\/tr><tr><td><\/td><td>?<\/td><td>\u00b4<\/td><td>\u00b4<\/td><\/tr><tr><td><\/td><td><\/td><td><\/td><td><\/td><\/tr><\/tbody><\/table><figcaption class=\"wp-element-caption\"><strong>(Ni\u00f1o, Pg 67)<\/strong><\/figcaption><\/figure>\n<\/div>\n\n\n\n<div class=\"wp-block-column is-layout-flow wp-block-column-is-layout-flow\" style=\"flex-basis:100px\"><\/div>\n<\/div>\n\n\n\n<div class=\"wp-block-columns has-nv-site-bg-background-color has-background is-layout-flex wp-container-core-columns-is-layout-9d6595d7 wp-block-columns-is-layout-flex\">\n<div class=\"wp-block-column is-layout-flow wp-block-column-is-layout-flow\" style=\"flex-basis:100px\"><\/div>\n\n\n\n<div class=\"wp-block-column is-layout-flow wp-block-column-is-layout-flow\">\n<p class=\"has-text-align-center\" style=\"font-size:21px\"><strong>VOCALES DEL ETTE TAARA \/CHIMILA <\/strong><\/p>\n\n\n\n<div style=\"height:100px\" aria-hidden=\"true\" class=\"wp-block-spacer\"><\/div>\n\n\n\n<p><strong>VOCALES LARGAS<\/strong> <\/p>\n\n\n\n<p class=\"has-text-align-center\" style=\"font-size:46px\"><strong>AA, EE, II, OO, UU<\/strong><\/p>\n\n\n\n<p class=\"has-text-align-center\"><strong>(Ni\u00f1o, Pg 57)<\/strong><\/p>\n\n\n\n<hr class=\"wp-block-separator has-css-opacity\"\/>\n\n\n\n<p><strong>VOCALES CORTAS<\/strong><\/p>\n\n\n\n<p class=\"has-text-align-center\" style=\"font-size:45px\"><strong>A, E, I, O, U<\/strong><\/p>\n\n\n\n<p class=\"has-text-align-center\"><strong>(Ni\u00f1o, Pg 57)<\/strong><\/p>\n\n\n\n<div style=\"height:100px\" aria-hidden=\"true\" class=\"wp-block-spacer\"><\/div>\n<\/div>\n\n\n\n<div class=\"wp-block-column is-layout-flow wp-block-column-is-layout-flow\" style=\"flex-basis:100px\"><\/div>\n<\/div>\n\n\n\n<div class=\"wp-block-columns has-nv-site-bg-background-color has-background is-layout-flex wp-container-core-columns-is-layout-9d6595d7 wp-block-columns-is-layout-flex\">\n<div class=\"wp-block-column is-layout-flow wp-block-column-is-layout-flow\" style=\"flex-basis:100px\"><\/div>\n\n\n\n<div class=\"wp-block-column is-layout-flow wp-block-column-is-layout-flow\">\n<p class=\"has-text-align-center\" style=\"font-size:21px\"><strong>ALFABETO CON CARACTERES ESPECIALES DEL ETTE TAARA \/CHIMILA <\/strong><\/p>\n\n\n\n<div style=\"height:100px\" aria-hidden=\"true\" class=\"wp-block-spacer\"><\/div>\n\n\n\n<p><strong>VOCALES<\/strong><\/p>\n\n\n\n<p class=\"has-text-align-center\" style=\"font-size:46px\"><strong>\u00c3\u00e3&nbsp; \u22f6&nbsp; \u0128&nbsp; \u00d5\u00f5&nbsp; \u2d41\u00d8 \u2a42\u1fe1<\/strong><\/p>\n\n\n\n<hr class=\"wp-block-separator has-css-opacity\"\/>\n\n\n\n<p><strong>CONSONANTES<\/strong><\/p>\n\n\n\n<p class=\"has-text-align-center\" style=\"font-size:45px\"><strong>\u0108\u0109&nbsp; \ua7a0&nbsp; \u0248 \u014a\u014b &nbsp;\u019d\u0272 \u015c<\/strong><\/p>\n\n\n\n<div style=\"height:100px\" aria-hidden=\"true\" class=\"wp-block-spacer\"><\/div>\n\n\n\n<p class=\"has-text-align-center\" style=\"font-size:21px\"><strong>RESGUARDOS Y POBLACI\u00d3N ETTE TAARA \/CHIMILA <\/strong><\/p>\n\n\n\n<div class=\"wp-block-columns has-nv-text-dark-bg-color has-nv-text-dark-bg-background-color has-text-color has-background is-layout-flex wp-container-core-columns-is-layout-9d6595d7 wp-block-columns-is-layout-flex\">\n<div class=\"wp-block-column is-layout-flow wp-block-column-is-layout-flow\" style=\"flex-basis:5%\"><\/div>\n\n\n\n<div class=\"wp-block-column is-layout-flow wp-block-column-is-layout-flow\" style=\"flex-basis:5%\"><\/div>\n\n\n\n<div class=\"wp-block-column is-layout-flow wp-block-column-is-layout-flow\" style=\"flex-basis:5%\"><\/div>\n\n\n\n<div class=\"wp-block-column is-layout-flow wp-block-column-is-layout-flow\" style=\"flex-basis:5%\"><\/div>\n\n\n\n<div class=\"wp-block-column is-layout-flow wp-block-column-is-layout-flow\">\n<iframe loading=\"lazy\" src=\"https:\/\/www.google.com\/maps\/d\/u\/0\/embed?mid=1SLy_p9BN4s-gKetYcWVlH3CptVprCzGD&amp;ehbc=2E312F\" width=\"640\" height=\"480\"><\/iframe>\n<\/div>\n\n\n\n<div class=\"wp-block-column is-layout-flow wp-block-column-is-layout-flow\" style=\"flex-basis:5%\"><\/div>\n\n\n\n<div class=\"wp-block-column is-layout-flow wp-block-column-is-layout-flow\" style=\"flex-basis:5%\"><\/div>\n<\/div>\n\n\n\n<p><strong>FUENTE<\/strong>:<\/p>\n\n\n\n<p>Ni\u00f1o Vargas, Juan Camilo. (2018). Diccionario de la Lengua Ette. Universidad de los Andes \u2013 Facultad de Ciencias Sociales e Instituto Colombiano de Antropolog\u00eda e Historia.<\/p>\n<\/div>\n\n\n\n<div class=\"wp-block-column is-layout-flow wp-block-column-is-layout-flow\" style=\"flex-basis:100px\"><\/div>\n<\/div>\n\n\n\n<div class=\"wp-block-columns has-background is-layout-flex wp-container-core-columns-is-layout-9d6595d7 wp-block-columns-is-layout-flex\" style=\"background-color:#f5f5f5\">\n<div class=\"wp-block-column is-layout-flow wp-block-column-is-layout-flow\" style=\"flex-basis:1%\"><\/div>\n\n\n\n<div class=\"wp-block-column is-layout-flow wp-block-column-is-layout-flow\">\n<div class=\"wp-block-buttons is-horizontal is-content-justification-center is-layout-flex wp-container-core-buttons-is-layout-499968f5 wp-block-buttons-is-layout-flex\"><\/div>\n\n\n\n<p class=\"has-text-align-center has-custom-weight\" style=\"font-weight:bold\">GU\u00cdAS DE APOYO CHIMILA<\/p>\n\n\n\n<div style=\"height:20px\" aria-hidden=\"true\" class=\"wp-block-spacer\"><\/div>\n\n\n\n<div class=\"wp-block-columns animated bounceInUp is-layout-flex wp-container-core-columns-is-layout-9d6595d7 wp-block-columns-is-layout-flex\">\n<div class=\"wp-block-column is-layout-flow wp-block-column-is-layout-flow\"><\/div>\n\n\n\n<div class=\"wp-block-column is-layout-flow wp-block-column-is-layout-flow\"><div class=\"wp-block-image\">\n<figure class=\"aligncenter size-full\"><a href=\"https:\/\/diccionariomlc.com\/ETTE.pdf\"><img loading=\"lazy\" decoding=\"async\" width=\"972\" height=\"553\" src=\"https:\/\/diccionariomlc.com\/wp-content\/uploads\/2021\/12\/ette.png\" alt=\"\" class=\"wp-image-7326\" srcset=\"https:\/\/diccionariomlc.com\/wp-content\/uploads\/2021\/12\/ette.png 972w, https:\/\/diccionariomlc.com\/wp-content\/uploads\/2021\/12\/ette-300x171.png 300w, https:\/\/diccionariomlc.com\/wp-content\/uploads\/2021\/12\/ette-768x437.png 768w\" sizes=\"auto, (max-width: 972px) 100vw, 972px\" \/><\/a><figcaption class=\"wp-element-caption\"><strong>ETTE TAARA BIBLIOGRAF\u00cdA<\/strong><\/figcaption><\/figure>\n<\/div>\n\n\n<div class=\"wp-block-buttons is-horizontal is-content-justification-center is-layout-flex wp-container-core-buttons-is-layout-499968f5 wp-block-buttons-is-layout-flex\"><\/div>\n<\/div>\n\n\n\n<div class=\"wp-block-column is-layout-flow wp-block-column-is-layout-flow\"><div class=\"wp-block-image\">\n<figure class=\"aligncenter size-full\"><a href=\"https:\/\/diccionariomlc.com\/ETTETAARA.pdf\"><img loading=\"lazy\" decoding=\"async\" width=\"970\" height=\"551\" src=\"https:\/\/diccionariomlc.com\/wp-content\/uploads\/2021\/12\/ette2.png\" alt=\"\" class=\"wp-image-7327\" srcset=\"https:\/\/diccionariomlc.com\/wp-content\/uploads\/2021\/12\/ette2.png 970w, https:\/\/diccionariomlc.com\/wp-content\/uploads\/2021\/12\/ette2-300x170.png 300w, https:\/\/diccionariomlc.com\/wp-content\/uploads\/2021\/12\/ette2-768x436.png 768w\" sizes=\"auto, (max-width: 970px) 100vw, 970px\" \/><\/a><figcaption class=\"wp-element-caption\"><strong>ETTE TAARA<\/strong><\/figcaption><\/figure>\n<\/div>\n\n\n<div class=\"wp-block-buttons is-horizontal is-content-justification-center is-layout-flex wp-container-core-buttons-is-layout-499968f5 wp-block-buttons-is-layout-flex\"><\/div>\n<\/div>\n\n\n\n<div class=\"wp-block-column is-layout-flow wp-block-column-is-layout-flow\"><\/div>\n<\/div>\n\n\n\n<div class=\"wp-block-buttons is-horizontal is-content-justification-center is-layout-flex wp-container-core-buttons-is-layout-499968f5 wp-block-buttons-is-layout-flex\">\n<div class=\"wp-block-button\"><a class=\"wp-block-button__link has-black-background-color has-background wp-element-button\" href=\"https:\/\/www.portaluniciso.com\/\/infografias-y-guias\/\">ir a infograf\u00edas y gu\u00edas<\/a><\/div>\n<\/div>\n<\/div>\n\n\n\n<div class=\"wp-block-column is-layout-flow wp-block-column-is-layout-flow\" style=\"flex-basis:1%\"><\/div>\n<\/div>\n","protected":false},"excerpt":{"rendered":"<p>R\u00cdO ARIGUAN\u00cd Y LA SIERRA NEVADA DE SANTA MARTA SISTEMA VOC\u00c1LICO ETTE Apertura Anterior Central Posterior M\u00ednima i u Media E O M\u00e1xima a La lengua Ette presenta un sistema voc\u00e1lico triangular compuesta por cinco vocales de articulaci\u00f3n y grado de apertura. (Ni\u00f1o, Pg 56) SISTEMA CONSON\u00c1NTICO ETTE Bilabial Dental Alveolar Palatal Velar Gloatal Nasal&hellip;&nbsp;<a href=\"https:\/\/diccionariomlc.com\/index.php\/historia-chimila\/\" class=\"\" rel=\"bookmark\">Leer m\u00e1s &raquo;<span class=\"screen-reader-text\">Historia Chimila<\/span><\/a><\/p>\n","protected":false},"author":1,"featured_media":0,"parent":0,"menu_order":0,"comment_status":"closed","ping_status":"closed","template":"","meta":{"_coblocks_attr":"","_coblocks_dimensions":"","_coblocks_responsive_height":"","_coblocks_accordion_ie_support":"","_uag_custom_page_level_css":"","neve_meta_sidebar":"full-width","neve_meta_container":"full-width","neve_meta_enable_content_width":"on","neve_meta_content_width":100,"neve_meta_title_alignment":"","neve_meta_author_avatar":"","neve_post_elements_order":"","neve_meta_disable_header":"","neve_meta_disable_footer":"","neve_meta_disable_title":"on","footnotes":""},"class_list":["post-6675","page","type-page","status-publish","hentry"],"uagb_featured_image_src":{"full":false,"thumbnail":false,"medium":false,"medium_large":false,"large":false,"1536x1536":false,"2048x2048":false,"neve-blog":false},"uagb_author_info":{"display_name":"Administrador","author_link":"https:\/\/diccionariomlc.com\/index.php\/author\/administrador\/"},"uagb_comment_info":0,"uagb_excerpt":"R\u00cdO ARIGUAN\u00cd Y LA SIERRA NEVADA DE SANTA MARTA SISTEMA VOC\u00c1LICO ETTE Apertura Anterior Central Posterior M\u00ednima i u Media E O M\u00e1xima a La lengua Ette presenta un sistema voc\u00e1lico triangular compuesta por cinco vocales de articulaci\u00f3n y grado de apertura. (Ni\u00f1o, Pg 56) SISTEMA CONSON\u00c1NTICO ETTE Bilabial Dental Alveolar Palatal Velar Gloatal Nasal&hellip;&nbsp;Leer&hellip;","_links":{"self":[{"href":"https:\/\/diccionariomlc.com\/index.php\/wp-json\/wp\/v2\/pages\/6675","targetHints":{"allow":["GET"]}}],"collection":[{"href":"https:\/\/diccionariomlc.com\/index.php\/wp-json\/wp\/v2\/pages"}],"about":[{"href":"https:\/\/diccionariomlc.com\/index.php\/wp-json\/wp\/v2\/types\/page"}],"author":[{"embeddable":true,"href":"https:\/\/diccionariomlc.com\/index.php\/wp-json\/wp\/v2\/users\/1"}],"replies":[{"embeddable":true,"href":"https:\/\/diccionariomlc.com\/index.php\/wp-json\/wp\/v2\/comments?post=6675"}],"version-history":[{"count":47,"href":"https:\/\/diccionariomlc.com\/index.php\/wp-json\/wp\/v2\/pages\/6675\/revisions"}],"predecessor-version":[{"id":35079,"href":"https:\/\/diccionariomlc.com\/index.php\/wp-json\/wp\/v2\/pages\/6675\/revisions\/35079"}],"wp:attachment":[{"href":"https:\/\/diccionariomlc.com\/index.php\/wp-json\/wp\/v2\/media?parent=6675"}],"curies":[{"name":"wp","href":"https:\/\/api.w.org\/{rel}","templated":true}]}}