{"id":6682,"date":"2021-12-01T19:18:16","date_gmt":"2021-12-01T19:18:16","guid":{"rendered":"https:\/\/diccionariomlc.com\/?page_id=6682"},"modified":"2022-08-11T19:42:45","modified_gmt":"2022-08-11T19:42:45","slug":"historia-wayuu","status":"publish","type":"page","link":"https:\/\/diccionariomlc.com\/index.php\/historia-wayuu\/","title":{"rendered":"Historia Wayuu"},"content":{"rendered":"\n<div class=\"wp-block-cover is-light\" style=\"min-height:300px;aspect-ratio:unset;\"><span aria-hidden=\"true\" class=\"wp-block-cover__background has-background-dim-30 has-background-dim\"><\/span><img loading=\"lazy\" decoding=\"async\" width=\"1200\" height=\"500\" class=\"wp-block-cover__image-background wp-image-5713\" alt=\"\" src=\"https:\/\/diccionariomlc.com\/wp-content\/uploads\/2021\/11\/Wayuu-web.jpg\" style=\"object-position:60% 43%\" data-object-fit=\"cover\" data-object-position=\"60% 43%\" srcset=\"https:\/\/diccionariomlc.com\/wp-content\/uploads\/2021\/11\/Wayuu-web.jpg 1200w, https:\/\/diccionariomlc.com\/wp-content\/uploads\/2021\/11\/Wayuu-web-300x125.jpg 300w, https:\/\/diccionariomlc.com\/wp-content\/uploads\/2021\/11\/Wayuu-web-1024x427.jpg 1024w, https:\/\/diccionariomlc.com\/wp-content\/uploads\/2021\/11\/Wayuu-web-768x320.jpg 768w\" sizes=\"auto, (max-width: 1200px) 100vw, 1200px\" \/><div class=\"wp-block-cover__inner-container is-layout-flow wp-block-cover-is-layout-flow\">\n<p class=\"has-text-align-center has-large-font-size\">Comunidad Wayuu<\/p>\n<\/div><\/div>\n\n\n\n<div class=\"wp-block-columns has-nv-site-bg-background-color has-background is-layout-flex wp-container-core-columns-is-layout-9d6595d7 wp-block-columns-is-layout-flex\">\n<div class=\"wp-block-column is-layout-flow wp-block-column-is-layout-flow\" style=\"flex-basis:100px\"><\/div>\n\n\n\n<div class=\"wp-block-column is-layout-flow wp-block-column-is-layout-flow\" style=\"flex-basis:100px\"><\/div>\n<\/div>\n\n\n\n<p class=\"has-text-align-center has-neve-link-color-color has-text-color\"><strong>PODCAST WAYUU<\/strong><\/p>\n\n\n\n<div class=\"wp-block-columns has-nv-site-bg-background-color has-background is-layout-flex wp-container-core-columns-is-layout-9d6595d7 wp-block-columns-is-layout-flex\">\n<div class=\"wp-block-column is-layout-flow wp-block-column-is-layout-flow\" style=\"flex-basis:100px\"><\/div>\n\n\n\n<div class=\"wp-block-column is-layout-flow wp-block-column-is-layout-flow\">\n<figure class=\"wp-block-gallery has-nested-images columns-default is-cropped wp-block-gallery-1 is-layout-flex wp-block-gallery-is-layout-flex\">\n<figure class=\"wp-block-image size-large\"><img loading=\"lazy\" decoding=\"async\" width=\"1024\" height=\"872\" data-id=\"15689\" src=\"https:\/\/diccionariomlc.com\/wp-content\/uploads\/2022\/03\/WhatsApp-Image-2022-03-11-at-11.54.06-AM-5-1024x872.jpeg\" alt=\"\" class=\"wp-image-15689\" srcset=\"https:\/\/diccionariomlc.com\/wp-content\/uploads\/2022\/03\/WhatsApp-Image-2022-03-11-at-11.54.06-AM-5-1024x872.jpeg 1024w, https:\/\/diccionariomlc.com\/wp-content\/uploads\/2022\/03\/WhatsApp-Image-2022-03-11-at-11.54.06-AM-5-300x255.jpeg 300w, https:\/\/diccionariomlc.com\/wp-content\/uploads\/2022\/03\/WhatsApp-Image-2022-03-11-at-11.54.06-AM-5-768x654.jpeg 768w, https:\/\/diccionariomlc.com\/wp-content\/uploads\/2022\/03\/WhatsApp-Image-2022-03-11-at-11.54.06-AM-5.jpeg 1280w\" sizes=\"auto, (max-width: 1024px) 100vw, 1024px\" \/><figcaption>Clanes Wayuu<\/figcaption><\/figure>\n<\/figure>\n<\/div>\n\n\n\n<div class=\"wp-block-column is-layout-flow wp-block-column-is-layout-flow\">\n<p class=\"has-text-align-center\"><strong>WAYUUNAIKI &#8211; LA LENGUA WAYUU<\/strong><\/p>\n\n\n\n<figure class=\"wp-block-audio\"><audio controls src=\"https:\/\/diccionariomlc.com\/wp-content\/uploads\/2022\/03\/En-las-penurias-del-Wayuunaiki-UNICISO-1.mp3\"><\/audio><figcaption><strong>La lengua se transforma a trav\u00e9s del tiempo<\/strong>, su comportamiento muta a medida que habitamos nuevos entornos y convivimos con otros. Muchas veces, estos cambios son fuertemente percibidos, y a\u00fan m\u00e1s cuando se convierten en una dificultad para ciertos hablantes a la hora de introducirse y adaptarse a un nuevo medio que difiere de su bagaje ling\u00fc\u00edstico y cultural previo. Esta situaci\u00f3n es vivida por <strong>Sharol, Kiari y Narlis, 3 estudiantes de ciencias sociales<\/strong> y humanas pertenecientes a la poblaci\u00f3n Wayuu, quienes &#8211; desde sus experiencias de vida y las perspectivas de sus carreras &#8211; le contaron a podcast UNCISO l<strong>os obst\u00e1culos que diariamente enfrentan al usar el wayuunaiki, la lengua Wayuu, tanto en sus territorios como en Bogot\u00e1, la capital de Colombia.<\/strong><\/figcaption><\/figure>\n\n\n\n<p class=\"has-text-align-center\"><strong>ROLES DE G\u00c9NERO EN LA COMUNIDAD WAYUU<\/strong><\/p>\n\n\n\n<figure class=\"wp-block-audio\"><audio controls src=\"https:\/\/diccionariomlc.com\/wp-content\/uploads\/2022\/04\/Los-wayuu-desde-un-enfoque-de-genero.mp3\"><\/audio><figcaption>El g\u00e9nero no es aquello que est\u00e1 de \u201cmoda\u201d; ha sido uno de los hechos sociales m\u00e1s abordados desde los inicios de los estudios sociales, desde el parentesco y la conformaci\u00f3n de las sociedades. <strong>Considerar los sistemas de g\u00e9nero como un conjunto de pr\u00e1cticas, s\u00edmbolos, representaciones y valores sociales p<\/strong>ermite observar el modo como influyen en todos los aspectos de una comunidad, tanto productivos como socioculturales, as\u00ed como intervienen y le dan sentido a las relaciones que establecen entre personas sexuadas y las formas como estas perciben el mundo.<strong> Sharol, Kiari y Narlis, <\/strong>3 estudiantes universitarias pertenecientes a la poblaci\u00f3n Wayuu le cuentan a UNICISO<strong> los distintos roles que ni\u00f1as, ni\u00f1os, mujeres y hombres asumen dentro de la poblaci\u00f3n Wayuu, as\u00ed como las pr\u00e1cticas y rituales que los miembros gestan alrededor de las mismas. <\/strong><\/figcaption><\/figure>\n<\/div>\n<\/div>\n\n\n\n<div class=\"wp-block-columns has-nv-site-bg-background-color has-background is-layout-flex wp-container-core-columns-is-layout-9d6595d7 wp-block-columns-is-layout-flex\">\n<div class=\"wp-block-column is-layout-flow wp-block-column-is-layout-flow\" style=\"flex-basis:100px\"><\/div>\n\n\n\n<div class=\"wp-block-column is-layout-flow wp-block-column-is-layout-flow\">\n<p class=\"has-text-align-center\"><strong>EL TERRITORIO WAYUU<\/strong><\/p>\n\n\n\n<figure class=\"wp-block-audio\"><audio controls src=\"https:\/\/diccionariomlc.com\/wp-content\/uploads\/2022\/04\/Episodio-Diccionario-Multilingue-de-Lenguas-Colombianas-El-territorio-Wayuu.mp3\"><\/audio><figcaption>El territorio es un campo que se configura m\u00e1s all\u00e1 de lo geogr\u00e1fico; l<strong>a cultura y las sociedades codifican ciertos sistemas que ordenan y le dan sentido a los espacios que van habitando en el transcurso de su vida.<\/strong> Sharol, Kiari y Narlis, 3 estudiantes universitarias pertenecientes a la poblaci\u00f3n Wayuu explican a UNICISO los contextos ling\u00fc\u00edsticos y antropol\u00f3gicos que existen en los modos como se <strong>organizan en sus comunidades y nombran los lugares y tiempos.<\/strong> <\/figcaption><\/figure>\n\n\n\n<p class=\"has-text-align-center\"><strong>LA ALIMENTACI\u00d3N WAYUU<\/strong><\/p>\n\n\n\n<figure class=\"wp-block-audio\"><audio controls src=\"https:\/\/diccionariomlc.com\/wp-content\/uploads\/2022\/05\/Episodio-Diccionario-Multilingue-de-Lenguas-Colombianas-La-alimentacion-Wayuu.mp3\"><\/audio><figcaption>Los alimentos y su posterior transformaci\u00f3n por las manos humanas constituyen un universo mucho m\u00e1s complejo de lo que parece. Est\u00e1 lleno de <strong>pensamientos, sensaciones, experiencias, rituales y costumbres <\/strong>que creamos personalmente y con nuestros semejantes a partir de una necesidad fisiol\u00f3gica b\u00e1sica. Sharol, Kiari, Narlis y Kely, 4 estudiantes universitarias pertenecientes a la poblaci\u00f3n Wayuu le contaron a UNICISO <strong>la construcci\u00f3n de sentires propios por parte de la poblaci\u00f3n Wayuu alrededor de la comida<\/strong>, desde lo m\u00e1s significativo hasta lo m\u00e1s intrascendente. <\/figcaption><\/figure>\n\n\n\n<p class=\"has-text-align-center\"><strong>ENTREVISTA A CLAUDIA C\u00c1CERES ANTROP\u00d3LOGA EXPERTA EN LA CULTURA WAYUU <\/strong><\/p>\n\n\n\n<figure class=\"wp-block-audio\"><audio controls src=\"https:\/\/diccionariomlc.com\/wp-content\/uploads\/2022\/05\/Episodio-Diccionario-Multilingue-de-Lenguas-Colombianas-Los-Wayuu-desde-una-mirada-antropologica-PRIMERA-PARTE.mp3\"><\/audio><figcaption>En est\u00e1 entrevista dialogamos sobre<strong> la vida de la comunidad Wayuu desde un punto de vista investigativo y profesional.<\/strong> Para ello, nos acompa\u00f1\u00f3 <strong>Claudia Teresa C\u00e1ceres Dom\u00ednguez, antrop\u00f3loga de la Universidad de Los Andes<\/strong> y actualmente estudiante de doctorado en Ciencias Sociales de la Universidad de Salamanca, quien desde sus experiencia en la pol\u00edtica p\u00fablica y los procesos de consultor\u00edas ha dibujado un camino para aproximarnos a la <strong>alimentaci\u00f3n, el territorio y la organizaci\u00f3n wayuu, as\u00ed como su relaci\u00f3n con el Estado<\/strong>.<br><\/figcaption><\/figure>\n<\/div>\n\n\n\n<div class=\"wp-block-column is-layout-flow wp-block-column-is-layout-flow\">\n<figure class=\"wp-block-gallery has-nested-images columns-default is-cropped wp-block-gallery-2 is-layout-flex wp-block-gallery-is-layout-flex\">\n<figure class=\"wp-block-image size-large\"><img loading=\"lazy\" decoding=\"async\" width=\"1024\" height=\"1024\" data-id=\"17027\" src=\"https:\/\/diccionariomlc.com\/wp-content\/uploads\/2022\/04\/WhatsApp-Image-2022-03-11-at-11.54.06-AM-2-1024x1024.jpeg\" alt=\"\" class=\"wp-image-17027\" srcset=\"https:\/\/diccionariomlc.com\/wp-content\/uploads\/2022\/04\/WhatsApp-Image-2022-03-11-at-11.54.06-AM-2-1024x1024.jpeg 1024w, https:\/\/diccionariomlc.com\/wp-content\/uploads\/2022\/04\/WhatsApp-Image-2022-03-11-at-11.54.06-AM-2-300x300.jpeg 300w, https:\/\/diccionariomlc.com\/wp-content\/uploads\/2022\/04\/WhatsApp-Image-2022-03-11-at-11.54.06-AM-2-150x150.jpeg 150w, https:\/\/diccionariomlc.com\/wp-content\/uploads\/2022\/04\/WhatsApp-Image-2022-03-11-at-11.54.06-AM-2-768x768.jpeg 768w, https:\/\/diccionariomlc.com\/wp-content\/uploads\/2022\/04\/WhatsApp-Image-2022-03-11-at-11.54.06-AM-2.jpeg 1280w\" sizes=\"auto, (max-width: 1024px) 100vw, 1024px\" \/><\/figure>\n<figcaption class=\"blocks-gallery-caption\"> Wayuu y la ganader\u00eda <\/figcaption><\/figure>\n<\/div>\n<\/div>\n\n\n\n<div class=\"wp-block-columns has-nv-site-bg-background-color has-background is-layout-flex wp-container-core-columns-is-layout-9d6595d7 wp-block-columns-is-layout-flex\">\n<div class=\"wp-block-column is-layout-flow wp-block-column-is-layout-flow\" style=\"flex-basis:100px\"><\/div>\n\n\n\n<div class=\"wp-block-column is-layout-flow wp-block-column-is-layout-flow\">\n<figure class=\"wp-block-gallery has-nested-images columns-default is-cropped wp-block-gallery-3 is-layout-flex wp-block-gallery-is-layout-flex\">\n<figure class=\"wp-block-image size-large\"><img loading=\"lazy\" decoding=\"async\" width=\"807\" height=\"1024\" data-id=\"19823\" src=\"https:\/\/diccionariomlc.com\/wp-content\/uploads\/2022\/06\/Wayuu-Simbolos-de-los-clanes-807x1024.jpeg\" alt=\"\" class=\"wp-image-19823\" srcset=\"https:\/\/diccionariomlc.com\/wp-content\/uploads\/2022\/06\/Wayuu-Simbolos-de-los-clanes-807x1024.jpeg 807w, https:\/\/diccionariomlc.com\/wp-content\/uploads\/2022\/06\/Wayuu-Simbolos-de-los-clanes-236x300.jpeg 236w, https:\/\/diccionariomlc.com\/wp-content\/uploads\/2022\/06\/Wayuu-Simbolos-de-los-clanes-768x974.jpeg 768w, https:\/\/diccionariomlc.com\/wp-content\/uploads\/2022\/06\/Wayuu-Simbolos-de-los-clanes.jpeg 1009w\" sizes=\"auto, (max-width: 807px) 100vw, 807px\" \/><figcaption>Clanes Wayuu<\/figcaption><\/figure>\n<\/figure>\n<\/div>\n\n\n\n<div class=\"wp-block-column is-layout-flow wp-block-column-is-layout-flow\">\n<p class=\"has-text-align-center\"><strong><strong>ENTREVISTA A CLAUDIA C\u00c1CERES ANTROP\u00d3LOGA EXPERTA EN LA CULTURA WAYUU <\/strong>PARTE II<\/strong><\/p>\n\n\n\n<figure class=\"wp-block-audio\"><audio controls src=\"https:\/\/diccionariomlc.com\/wp-content\/uploads\/2022\/06\/Episodio-Diccionario-Multilingue-de-Lenguas-Colombianas-Los-Wayuu-desde-una-mirada-antropologica-SSEGUNDA-PARTE.mp3\"><\/audio><figcaption>En est\u00e1 entrevista dialogamos sobre<strong> la vida de la comunidad Wayuu desde un punto de vista investigativo y profesional.<\/strong> Para ello, nos acompa\u00f1\u00f3 <strong>Claudia Teresa C\u00e1ceres Dom\u00ednguez, antrop\u00f3loga de la Universidad de Los Andes<\/strong> y actualmente estudiante de doctorado en Ciencias Sociales de la Universidad de Salamanca, quien desde sus experiencia en la pol\u00edtica p\u00fablica y los procesos de consultor\u00edas ha dibujado un camino para aproximarnos a<strong> la econom\u00eda del pueblo Wayuu y la crisis humanitaria de la Guajira.<\/strong><\/figcaption><\/figure>\n\n\n\n<p class=\"has-text-align-center\"><strong><strong>ENTREVISTA A CLAUDIA C\u00c1CERES ANTROP\u00d3LOGA EXPERTA EN LA CULTURA WAYUU <\/strong>PARTE III<\/strong><\/p>\n\n\n\n<figure class=\"wp-block-audio\"><audio controls src=\"https:\/\/diccionariomlc.com\/wp-content\/uploads\/2022\/07\/Episodio-Diccionario-Multilingue-de-Lenguas-Colombianas-Los-Wayuu-desde-una-mirada-antropologica-TERCERA-PARTE.mp3\"><\/audio><figcaption>En est\u00e1 entrevista dialogamos sobre<strong> la vida de la comunidad Wayuu desde un punto de vista investigativo y profesional.<\/strong> Para ello, nos acompa\u00f1\u00f3 <strong>Claudia Teresa C\u00e1ceres Dom\u00ednguez, antrop\u00f3loga de la Universidad de Los Andes<\/strong> y actualmente estudiante de doctorado en Ciencias Sociales de la Universidad de Salamanca, quien en esta ocasi\u00f3n nos compartir\u00e1 ciertas <strong>vivencias y experiencias que tuvo trabajando con y para este pueblo ind\u00edgena.<\/strong><\/figcaption><\/figure>\n\n\n\n<p class=\"has-text-align-center\"><strong>PLANTAS MEDICINALES Y MEDICINA WAYUU<\/strong><\/p>\n\n\n\n<figure class=\"wp-block-audio\"><audio controls src=\"https:\/\/diccionariomlc.com\/wp-content\/uploads\/2022\/08\/Episodio-plantas-medicinales.mp3\"><\/audio><figcaption>La medicina Wayuu es un campo amplio que abarca conocimientos culturales, identidades territoriales, espiritualidad, sue\u00f1os y salud.  Sharol, Kiari, Narlis y Kely, 4 estudiantes universitarias pertenecientes a la poblaci\u00f3n Wayuu le contaron a UNICISO<strong> las distintas formas de acceder y conocer el mundo de las plantas medicinales en la Guajira. <\/strong><\/figcaption><\/figure>\n<\/div>\n<\/div>\n\n\n\n<div class=\"wp-block-columns has-nv-site-bg-background-color has-background is-layout-flex wp-container-core-columns-is-layout-9d6595d7 wp-block-columns-is-layout-flex\">\n<div class=\"wp-block-column is-layout-flow wp-block-column-is-layout-flow\" style=\"flex-basis:100px\"><\/div>\n\n\n\n<div class=\"wp-block-column is-layout-flow wp-block-column-is-layout-flow\">\n<p class=\"has-text-align-center has-neve-link-color-color has-text-color\"><strong>SISTEMA VOC\u00c1LICO WAYUUNAIKI<\/strong><\/p>\n\n\n\n<figure class=\"wp-block-table is-style-stripes\"><table class=\"has-neve-link-color-color has-neve-link-hover-color-background-color has-text-color has-background\"><thead><tr><th>Apertura <\/th><th><\/th><th>Anterior<\/th><th>Central<\/th><th>Posterior<\/th><\/tr><\/thead><tbody><tr><td><\/td><td>                          Cerrada<\/td><td>               i<\/td><td><\/td><td>                      u<\/td><\/tr><tr><td><\/td><td>                    Media Cerrada<\/td><td>               \u0190<\/td><td><\/td><td>&nbsp;                     \u0186<\/td><\/tr><tr><td><\/td><td>                          Abierta<\/td><td><\/td><td>                              a<\/td><td><\/td><\/tr><tr><td><\/td><td><\/td><td><\/td><td><\/td><td><\/td><\/tr><\/tbody><\/table><\/figure>\n\n\n\n<p class=\"has-text-align-center\">El inventario de fonemas del Wayuunaiki se compone por  un sistema <strong>voc\u00e1lico triangular compuesta por cinco vocales de articulaci\u00f3n y grado de apertura<\/strong>. <\/p>\n\n\n\n<p class=\"has-text-align-center\"><strong>(Acevedo y Zetter, 2018 Pg 191)<\/strong><\/p>\n\n\n\n<div style=\"height:100px\" aria-hidden=\"true\" class=\"wp-block-spacer\"><\/div>\n\n\n\n<p class=\"has-text-align-center has-neve-link-color-color has-text-color\"><strong>SISTEMA  CONSON\u00c1NTICO WAYUUNAIKI<\/strong><\/p>\n\n\n\n<figure class=\"wp-block-table is-style-stripes\"><table><thead><tr><th><\/th><th><\/th><th>Bilabial<\/th><th>Dental<\/th><th>Alveolar<\/th><th>Palatal<\/th><th>Velar<\/th><th>Gloatal<\/th><\/tr><\/thead><tbody><tr><td>Nasal<\/td><td>    <\/td><td>M<\/td><td>n<\/td><td><\/td><td>\u0272<\/td><td><\/td><td>\u00bf?<\/td><\/tr><tr><td><\/td><td><\/td><td><\/td><td><\/td><td><\/td><td><\/td><td><\/td><td><\/td><\/tr><tr><td>Oclusiva <\/td><td><\/td><td>P<\/td><td>T<\/td><td><\/td><td><\/td><td>k<\/td><td><em>?<\/em><\/td><\/tr><tr><td>Africada<\/td><td><\/td><td><\/td><td><\/td><td><\/td><td>t\u0283<\/td><td><\/td><td><\/td><\/tr><tr><td>Fricativa<\/td><td><\/td><td><\/td><td><\/td><td>s<\/td><td>\u0283<\/td><td><\/td><td>h<\/td><\/tr><tr><td>Vibrante M\u00faltiple<\/td><td><\/td><td><\/td><td><\/td><td>R<\/td><td><\/td><td><\/td><td><\/td><\/tr><tr><td>Lateral<\/td><td><\/td><td><\/td><td><\/td><td>L<\/td><td><\/td><td><\/td><td><\/td><\/tr><tr><td>Coarticulada o aproximante<\/td><td><\/td><td>W<\/td><td><\/td><td><\/td><td>J<\/td><td><\/td><td><\/td><\/tr><\/tbody><\/table><\/figure>\n\n\n\n<p class=\"has-text-align-center\">El <strong>sistema conson\u00e1ntico<\/strong> Wayuuinaiki se compone de cuatro nasales, cuatro oclusivas, una africativa, tres fricativas, una vibrante, una lateral y dos coarticuladas. <\/p>\n\n\n\n<p class=\"has-text-align-center\"><strong>(Acevedo y Zetter, 2018 Pg 191)<\/strong><\/p>\n\n\n\n<div style=\"height:100px\" aria-hidden=\"true\" class=\"wp-block-spacer\"><\/div>\n\n\n\n<p class=\"has-text-align-center\"><strong>POBLACI\u00d3N WAYUU Y SU TERRITORIO<\/strong><\/p>\n\n\n\n<div class=\"wp-block-columns has-nv-text-dark-bg-color has-nv-text-dark-bg-background-color has-text-color has-background is-layout-flex wp-container-core-columns-is-layout-9d6595d7 wp-block-columns-is-layout-flex\">\n<div class=\"wp-block-column is-layout-flow wp-block-column-is-layout-flow\" style=\"flex-basis:5%\"><\/div>\n\n\n\n<div class=\"wp-block-column is-layout-flow wp-block-column-is-layout-flow\" style=\"flex-basis:5%\"><\/div>\n\n\n\n<div class=\"wp-block-column is-layout-flow wp-block-column-is-layout-flow\" style=\"flex-basis:5%\"><\/div>\n\n\n\n<div class=\"wp-block-column is-layout-flow wp-block-column-is-layout-flow\" style=\"flex-basis:5%\"><\/div>\n\n\n\n<div class=\"wp-block-column is-layout-flow wp-block-column-is-layout-flow\">\n<iframe loading=\"lazy\" src=\"https:\/\/www.google.com\/maps\/d\/u\/0\/embed?mid=1IZUI9UG5forL6cAZpD9cQ_WXgC-SdhCa&amp;ehbc=2E312F\" width=\"640\" height=\"480\"><\/iframe>\n<\/div>\n\n\n\n<div class=\"wp-block-column is-layout-flow wp-block-column-is-layout-flow\" style=\"flex-basis:5%\"><\/div>\n\n\n\n<div class=\"wp-block-column is-layout-flow wp-block-column-is-layout-flow\" style=\"flex-basis:5%\"><\/div>\n<\/div>\n\n\n\n<p><strong>FUENTE<\/strong>:<\/p>\n\n\n\n<p>P\u00e1ez Acevedo, D y Ibarra Zetter, K. (2018).&nbsp;<em>Cronometr\u00eda del ritmo en cuatro lenguas colombianas: ember\u00e1-cham\u00ed, kams\u00e1, kogui, y way\u00fau.&nbsp;<\/em>Universidad Nacional de Colombia &#8211; Sede Bogot\u00e1 &#8211; Facultad de Ciencias Humanas &#8211; Departamento de Ling\u00fc\u00edstica.<\/p>\n\n\n\n<p><\/p>\n\n\n\n<div class=\"wp-block-columns has-background is-layout-flex wp-container-core-columns-is-layout-9d6595d7 wp-block-columns-is-layout-flex\" style=\"background-color:#f5f5f5\">\n<div class=\"wp-block-column is-layout-flow wp-block-column-is-layout-flow\" style=\"flex-basis:1%\"><\/div>\n\n\n\n<div class=\"wp-block-column is-layout-flow wp-block-column-is-layout-flow\">\n<div class=\"wp-block-buttons is-horizontal is-content-justification-center is-layout-flex wp-container-core-buttons-is-layout-499968f5 wp-block-buttons-is-layout-flex\"><\/div>\n\n\n\n<p class=\"has-text-align-center has-custom-weight\" style=\"font-weight:bold\">GU\u00cdAS DE APOYO WAYUU<\/p>\n\n\n\n<div style=\"height:20px\" aria-hidden=\"true\" class=\"wp-block-spacer\"><\/div>\n\n\n\n<div class=\"wp-block-columns animated bounceInUp is-layout-flex wp-container-core-columns-is-layout-9d6595d7 wp-block-columns-is-layout-flex\">\n<div class=\"wp-block-column is-layout-flow wp-block-column-is-layout-flow\"><div class=\"wp-block-image\">\n<figure class=\"aligncenter size-full\"><a href=\"https:\/\/diccionariomlc.com\/WAYUUCOMUNIDAD.pdf\"><img loading=\"lazy\" decoding=\"async\" width=\"970\" height=\"551\" src=\"https:\/\/diccionariomlc.com\/wp-content\/uploads\/2022\/04\/Wayuu-comunidad.png\" alt=\"\" class=\"wp-image-17331\" srcset=\"https:\/\/diccionariomlc.com\/wp-content\/uploads\/2022\/04\/Wayuu-comunidad.png 970w, https:\/\/diccionariomlc.com\/wp-content\/uploads\/2022\/04\/Wayuu-comunidad-300x170.png 300w, https:\/\/diccionariomlc.com\/wp-content\/uploads\/2022\/04\/Wayuu-comunidad-768x436.png 768w\" sizes=\"auto, (max-width: 970px) 100vw, 970px\" \/><\/a><figcaption><strong>WAYUU Y SU COMUNIDAD<\/strong><\/figcaption><\/figure>\n<\/div><\/div>\n\n\n\n<div class=\"wp-block-column is-layout-flow wp-block-column-is-layout-flow\"><div class=\"wp-block-image\">\n<figure class=\"aligncenter size-full\"><a href=\"https:\/\/diccionariomlc.com\/WAYUULENGUA.pdf\"><img loading=\"lazy\" decoding=\"async\" width=\"965\" height=\"547\" src=\"https:\/\/diccionariomlc.com\/wp-content\/uploads\/2022\/04\/WAYUULENGUA.png\" alt=\"\" class=\"wp-image-17335\" srcset=\"https:\/\/diccionariomlc.com\/wp-content\/uploads\/2022\/04\/WAYUULENGUA.png 965w, https:\/\/diccionariomlc.com\/wp-content\/uploads\/2022\/04\/WAYUULENGUA-300x170.png 300w, https:\/\/diccionariomlc.com\/wp-content\/uploads\/2022\/04\/WAYUULENGUA-768x435.png 768w\" sizes=\"auto, (max-width: 965px) 100vw, 965px\" \/><\/a><figcaption><strong>LENGUA WAYUU<\/strong><\/figcaption><\/figure>\n<\/div>\n\n\n<div class=\"wp-block-buttons is-horizontal is-content-justification-center is-layout-flex wp-container-core-buttons-is-layout-499968f5 wp-block-buttons-is-layout-flex\"><\/div>\n<\/div>\n\n\n\n<div class=\"wp-block-column is-layout-flow wp-block-column-is-layout-flow\"><div class=\"wp-block-image\">\n<figure class=\"aligncenter size-full\"><a href=\"https:\/\/diccionariomlc.com\/WAYUUBIBLIO.pdf\"><img loading=\"lazy\" decoding=\"async\" width=\"969\" height=\"550\" src=\"https:\/\/diccionariomlc.com\/wp-content\/uploads\/2022\/04\/WAYUU-BIBLIOGRAFIA.png\" alt=\"\" class=\"wp-image-17329\" srcset=\"https:\/\/diccionariomlc.com\/wp-content\/uploads\/2022\/04\/WAYUU-BIBLIOGRAFIA.png 969w, https:\/\/diccionariomlc.com\/wp-content\/uploads\/2022\/04\/WAYUU-BIBLIOGRAFIA-300x170.png 300w, https:\/\/diccionariomlc.com\/wp-content\/uploads\/2022\/04\/WAYUU-BIBLIOGRAFIA-768x436.png 768w\" sizes=\"auto, (max-width: 969px) 100vw, 969px\" \/><\/a><figcaption><strong>WAYUU BIBLIOGRAF\u00cdA <\/strong><\/figcaption><\/figure>\n<\/div>\n\n\n<div class=\"wp-block-buttons is-horizontal is-content-justification-center is-layout-flex wp-container-core-buttons-is-layout-499968f5 wp-block-buttons-is-layout-flex\"><\/div>\n<\/div>\n<\/div>\n\n\n\n<div class=\"wp-block-buttons is-horizontal is-content-justification-center is-layout-flex wp-container-core-buttons-is-layout-499968f5 wp-block-buttons-is-layout-flex\">\n<div class=\"wp-block-button\"><a class=\"wp-block-button__link has-black-background-color has-background\" href=\"https:\/\/www.portaluniciso.com\/\/infografias-y-guias\/\">ir a infograf\u00edas y gu\u00edas<\/a><\/div>\n<\/div>\n<\/div>\n\n\n\n<div class=\"wp-block-column is-layout-flow wp-block-column-is-layout-flow\" style=\"flex-basis:1%\"><\/div>\n<\/div>\n\n\n\n<p><\/p>\n<\/div>\n\n\n\n<div class=\"wp-block-column is-layout-flow wp-block-column-is-layout-flow\" style=\"flex-basis:100px\"><\/div>\n<\/div>\n\n\n\n<div class=\"wp-block-group\"><div class=\"wp-block-group__inner-container is-layout-flow wp-block-group-is-layout-flow\"><\/div><\/div>\n\n\n\n<p><\/p>\n","protected":false},"excerpt":{"rendered":"<p>PODCAST WAYUU WAYUUNAIKI &#8211; LA LENGUA WAYUU ROLES DE G\u00c9NERO EN LA COMUNIDAD WAYUU EL TERRITORIO WAYUU LA ALIMENTACI\u00d3N WAYUU ENTREVISTA A CLAUDIA C\u00c1CERES ANTROP\u00d3LOGA EXPERTA EN LA CULTURA WAYUU ENTREVISTA A CLAUDIA C\u00c1CERES ANTROP\u00d3LOGA EXPERTA EN LA CULTURA WAYUU PARTE II ENTREVISTA A CLAUDIA C\u00c1CERES ANTROP\u00d3LOGA EXPERTA EN LA CULTURA WAYUU PARTE III PLANTAS&hellip;&nbsp;<a href=\"https:\/\/diccionariomlc.com\/index.php\/historia-wayuu\/\" class=\"\" rel=\"bookmark\">Leer m\u00e1s &raquo;<span class=\"screen-reader-text\">Historia Wayuu<\/span><\/a><\/p>\n","protected":false},"author":1,"featured_media":0,"parent":0,"menu_order":0,"comment_status":"closed","ping_status":"closed","template":"","meta":{"_coblocks_attr":"","_coblocks_dimensions":"","_coblocks_responsive_height":"","_coblocks_accordion_ie_support":"","_uag_custom_page_level_css":"","neve_meta_sidebar":"full-width","neve_meta_container":"full-width","neve_meta_enable_content_width":"on","neve_meta_content_width":100,"neve_meta_title_alignment":"","neve_meta_author_avatar":"","neve_post_elements_order":"","neve_meta_disable_header":"","neve_meta_disable_footer":"","neve_meta_disable_title":"on","footnotes":""},"class_list":["post-6682","page","type-page","status-publish","hentry"],"uagb_featured_image_src":{"full":false,"thumbnail":false,"medium":false,"medium_large":false,"large":false,"1536x1536":false,"2048x2048":false,"neve-blog":false},"uagb_author_info":{"display_name":"Administrador","author_link":"https:\/\/diccionariomlc.com\/index.php\/author\/administrador\/"},"uagb_comment_info":0,"uagb_excerpt":"PODCAST WAYUU WAYUUNAIKI &#8211; LA LENGUA WAYUU ROLES DE G\u00c9NERO EN LA COMUNIDAD WAYUU EL TERRITORIO WAYUU LA ALIMENTACI\u00d3N WAYUU ENTREVISTA A CLAUDIA C\u00c1CERES ANTROP\u00d3LOGA EXPERTA EN LA CULTURA WAYUU ENTREVISTA A CLAUDIA C\u00c1CERES ANTROP\u00d3LOGA EXPERTA EN LA CULTURA WAYUU PARTE II ENTREVISTA A CLAUDIA C\u00c1CERES ANTROP\u00d3LOGA EXPERTA EN LA CULTURA WAYUU PARTE III PLANTAS&hellip;&nbsp;Leer&hellip;","_links":{"self":[{"href":"https:\/\/diccionariomlc.com\/index.php\/wp-json\/wp\/v2\/pages\/6682","targetHints":{"allow":["GET"]}}],"collection":[{"href":"https:\/\/diccionariomlc.com\/index.php\/wp-json\/wp\/v2\/pages"}],"about":[{"href":"https:\/\/diccionariomlc.com\/index.php\/wp-json\/wp\/v2\/types\/page"}],"author":[{"embeddable":true,"href":"https:\/\/diccionariomlc.com\/index.php\/wp-json\/wp\/v2\/users\/1"}],"replies":[{"embeddable":true,"href":"https:\/\/diccionariomlc.com\/index.php\/wp-json\/wp\/v2\/comments?post=6682"}],"version-history":[{"count":57,"href":"https:\/\/diccionariomlc.com\/index.php\/wp-json\/wp\/v2\/pages\/6682\/revisions"}],"predecessor-version":[{"id":21770,"href":"https:\/\/diccionariomlc.com\/index.php\/wp-json\/wp\/v2\/pages\/6682\/revisions\/21770"}],"wp:attachment":[{"href":"https:\/\/diccionariomlc.com\/index.php\/wp-json\/wp\/v2\/media?parent=6682"}],"curies":[{"name":"wp","href":"https:\/\/api.w.org\/{rel}","templated":true}]}}